{"id":881,"date":"2026-02-17T21:46:17","date_gmt":"2026-02-17T21:46:17","guid":{"rendered":"https:\/\/drwajih.com\/?page_id=881"},"modified":"2026-02-17T22:02:13","modified_gmt":"2026-02-17T22:02:13","slug":"elastiques-en-orthodontie","status":"publish","type":"page","link":"https:\/\/drwajih.com\/index.php\/elastiques-en-orthodontie\/","title":{"rendered":"\u00c9LASTIQUES EN ORTHODONTIE"},"content":{"rendered":"\t\t<div data-elementor-type=\"wp-page\" data-elementor-id=\"881\" class=\"elementor elementor-881\" data-elementor-post-type=\"page\">\n\t\t\t\t\t\t<section class=\"elementor-section elementor-top-section elementor-element elementor-element-5763f629 elementor-section-boxed elementor-section-height-default elementor-section-height-default\" data-id=\"5763f629\" data-element_type=\"section\" data-e-type=\"section\">\n\t\t\t\t\t\t<div class=\"elementor-container elementor-column-gap-default\">\n\t\t\t\t\t<div class=\"elementor-column elementor-col-100 elementor-top-column elementor-element elementor-element-480a31c\" data-id=\"480a31c\" data-element_type=\"column\" data-e-type=\"column\">\n\t\t\t<div class=\"elementor-widget-wrap elementor-element-populated\">\n\t\t\t\t\t\t<div class=\"elementor-element elementor-element-2ad6998a elementor-icon-list--layout-inline elementor-list-item-link-full_width elementor-widget elementor-widget-icon-list\" data-id=\"2ad6998a\" data-element_type=\"widget\" data-e-type=\"widget\" data-widget_type=\"icon-list.default\">\n\t\t\t\t<div class=\"elementor-widget-container\">\n\t\t\t\t\t\t\t<ul class=\"elementor-icon-list-items elementor-inline-items\">\n\t\t\t\t\t\t\t<li class=\"elementor-icon-list-item elementor-inline-item\">\n\t\t\t\t\t\t\t\t\t\t<span class=\"elementor-icon-list-text\">Home<\/span>\n\t\t\t\t\t\t\t\t\t<\/li>\n\t\t\t\t\t\t\t\t<li class=\"elementor-icon-list-item elementor-inline-item\">\n\t\t\t\t\t\t\t\t\t\t\t<span class=\"elementor-icon-list-icon\">\n\t\t\t\t\t\t\t<i aria-hidden=\"true\" class=\"icon icon-chevron-right\"><\/i>\t\t\t\t\t\t<\/span>\n\t\t\t\t\t\t\t\t\t\t<span class=\"elementor-icon-list-text\">\u00c9LASTIQUES EN ORTHODONTIE<\/span>\n\t\t\t\t\t\t\t\t\t<\/li>\n\t\t\t\t\t\t<\/ul>\n\t\t\t\t\t\t<\/div>\n\t\t\t\t<\/div>\n\t\t\t\t\t<\/div>\n\t\t<\/div>\n\t\t\t\t\t<\/div>\n\t\t<\/section>\n\t\t\t\t<section class=\"elementor-section elementor-top-section elementor-element elementor-element-4fc3d18 elementor-section-boxed elementor-section-height-default elementor-section-height-default\" data-id=\"4fc3d18\" data-element_type=\"section\" data-e-type=\"section\" data-settings=\"{&quot;background_background&quot;:&quot;classic&quot;}\">\n\t\t\t\t\t\t\t<div class=\"elementor-background-overlay\"><\/div>\n\t\t\t\t\t\t\t<div class=\"elementor-container elementor-column-gap-default\">\n\t\t\t\t\t<div class=\"elementor-column elementor-col-100 elementor-top-column elementor-element elementor-element-35c8ceea\" data-id=\"35c8ceea\" data-element_type=\"column\" data-e-type=\"column\">\n\t\t\t<div class=\"elementor-widget-wrap elementor-element-populated\">\n\t\t\t\t\t\t<div class=\"elementor-element elementor-element-ed6e931 elementor-invisible elementor-widget elementor-widget-heading\" data-id=\"ed6e931\" data-element_type=\"widget\" data-e-type=\"widget\" data-settings=\"{&quot;_animation&quot;:&quot;fadeInRight&quot;}\" data-widget_type=\"heading.default\">\n\t\t\t\t<div class=\"elementor-widget-container\">\n\t\t\t\t\t<h1 class=\"elementor-heading-title elementor-size-default\">\u00c9LASTIQUES EN ORTHODONTIE<\/h1>\t\t\t\t<\/div>\n\t\t\t\t<\/div>\n\t\t\t\t\t<\/div>\n\t\t<\/div>\n\t\t\t\t\t<\/div>\n\t\t<\/section>\n\t\t\t\t<section class=\"elementor-section elementor-top-section elementor-element elementor-element-59a0743d elementor-section-boxed elementor-section-height-default elementor-section-height-default\" data-id=\"59a0743d\" data-element_type=\"section\" data-e-type=\"section\">\n\t\t\t\t\t\t<div class=\"elementor-container elementor-column-gap-default\">\n\t\t\t\t\t<div class=\"elementor-column elementor-col-100 elementor-top-column elementor-element elementor-element-7e2cd4d6 elementor-invisible\" data-id=\"7e2cd4d6\" data-element_type=\"column\" data-e-type=\"column\" data-settings=\"{&quot;animation&quot;:&quot;fadeInUp&quot;}\">\n\t\t\t<div class=\"elementor-widget-wrap elementor-element-populated\">\n\t\t\t\t\t\t<div class=\"elementor-element elementor-element-1a6c4994 elementor-widget elementor-widget-image\" data-id=\"1a6c4994\" data-element_type=\"widget\" data-e-type=\"widget\" data-widget_type=\"image.default\">\n\t\t\t\t<div class=\"elementor-widget-container\">\n\t\t\t\t\t\t\t\t\t\t\t\t\t\t\t<img fetchpriority=\"high\" decoding=\"async\" width=\"1280\" height=\"720\" src=\"https:\/\/drwajih.com\/wp-content\/uploads\/2026\/02\/maxresdefault.jpg\" class=\"attachment-full size-full wp-image-883\" alt=\"\" srcset=\"https:\/\/drwajih.com\/wp-content\/uploads\/2026\/02\/maxresdefault.jpg 1280w, https:\/\/drwajih.com\/wp-content\/uploads\/2026\/02\/maxresdefault-300x169.jpg 300w, https:\/\/drwajih.com\/wp-content\/uploads\/2026\/02\/maxresdefault-1024x576.jpg 1024w, https:\/\/drwajih.com\/wp-content\/uploads\/2026\/02\/maxresdefault-768x432.jpg 768w\" sizes=\"(max-width: 1280px) 100vw, 1280px\" \/>\t\t\t\t\t\t\t\t\t\t\t\t\t\t\t<\/div>\n\t\t\t\t<\/div>\n\t\t\t\t<div class=\"elementor-element elementor-element-7c91e72c elementor-widget elementor-widget-heading\" data-id=\"7c91e72c\" data-element_type=\"widget\" data-e-type=\"widget\" data-widget_type=\"heading.default\">\n\t\t\t\t<div class=\"elementor-widget-container\">\n\t\t\t\t\t<h3 class=\"elementor-heading-title elementor-size-default\">Aper\u00e7u<\/h3>\t\t\t\t<\/div>\n\t\t\t\t<\/div>\n\t\t\t\t<div class=\"elementor-element elementor-element-183dfb36 elementor-widget__width-initial elementor-widget elementor-widget-text-editor\" data-id=\"183dfb36\" data-element_type=\"widget\" data-e-type=\"widget\" data-widget_type=\"text-editor.default\">\n\t\t\t\t<div class=\"elementor-widget-container\">\n\t\t\t\t\t\t\t\t\t<p data-start=\"134\" data-end=\"644\">Les <strong data-start=\"138\" data-end=\"167\">\u00c9LASTIQUES EN ORTHODONTIE<\/strong>, \u00e9galement appel\u00e9s \u00e9lastiques intermaxillaires, sont de petits anneaux en caoutchouc utilis\u00e9s dans les traitements orthodontiques pour corriger l\u2019alignement des dents et am\u00e9liorer la relation entre les m\u00e2choires. Ils sont g\u00e9n\u00e9ralement port\u00e9s en compl\u00e9ment d\u2019un appareil orthodontique fixe (bagues) ou d\u2019aligneurs transparents. Les \u00e9lastiques exercent une force l\u00e9g\u00e8re et constante qui aide \u00e0 d\u00e9placer les dents et \u00e0 ajuster la position de la m\u00e2choire sup\u00e9rieure et inf\u00e9rieure.<\/p><p data-start=\"646\" data-end=\"921\">Les \u00e9lastiques orthodontiques sont fabriqu\u00e9s \u00e0 partir de mat\u00e9riaux \u00e9lastom\u00e8res m\u00e9dicaux sp\u00e9cialement con\u00e7us pour un usage bucco-dentaire. Ils existent en diff\u00e9rentes tailles, \u00e9paisseurs et forces, selon les besoins sp\u00e9cifiques du patient et le type de correction \u00e0 effectuer.<\/p><p data-start=\"923\" data-end=\"1014\">Les \u00e9lastiques en orthodontie sont g\u00e9n\u00e9ralement recommand\u00e9s dans les situations suivantes :<\/p><p data-start=\"1016\" data-end=\"1295\"><strong data-start=\"1016\" data-end=\"1066\">Correction des d\u00e9calages entre les m\u00e2choires :<\/strong><br data-start=\"1066\" data-end=\"1069\" \/>Lorsque la m\u00e2choire sup\u00e9rieure et la m\u00e2choire inf\u00e9rieure ne s\u2019embo\u00eetent pas correctement (malocclusion de classe II ou classe III), les \u00e9lastiques permettent d\u2019exercer une traction contr\u00f4l\u00e9e pour am\u00e9liorer leur positionnement.<\/p><p data-start=\"1297\" data-end=\"1519\"><strong data-start=\"1297\" data-end=\"1340\">Am\u00e9lioration de l\u2019occlusion (mordant) :<\/strong><br data-start=\"1340\" data-end=\"1343\" \/>Les \u00e9lastiques aident \u00e0 corriger les probl\u00e8mes de b\u00e9ance, de supraclusion (mordant profond) ou d\u2019articul\u00e9 crois\u00e9 en guidant les dents vers une meilleure position fonctionnelle.<\/p><p data-start=\"1521\" data-end=\"1748\"><strong data-start=\"1521\" data-end=\"1581\">Optimisation des r\u00e9sultats du traitement orthodontique :<\/strong><br data-start=\"1581\" data-end=\"1584\" \/>Dans certaines phases du traitement, les \u00e9lastiques sont indispensables pour finaliser l\u2019alignement et assurer une bonne stabilit\u00e9 des dents apr\u00e8s leur d\u00e9placement.<\/p><p data-start=\"1750\" data-end=\"1926\"><strong data-start=\"1750\" data-end=\"1801\">Acc\u00e9l\u00e9ration de certains mouvements dentaires :<\/strong><br data-start=\"1801\" data-end=\"1804\" \/>En compl\u00e9ment des bagues ou des aligneurs, les \u00e9lastiques peuvent favoriser des ajustements plus pr\u00e9cis et plus efficaces.<\/p><p data-start=\"1928\" data-end=\"2094\"><strong data-start=\"1928\" data-end=\"1972\">Stabilisation des corrections obtenues :<\/strong><br data-start=\"1972\" data-end=\"1975\" \/>Ils peuvent \u00eatre utilis\u00e9s temporairement pour maintenir les nouvelles positions dentaires avant la phase de contention.<\/p><p data-start=\"2096\" data-end=\"2413\">Le port des \u00e9lastiques n\u00e9cessite une coop\u00e9ration active du patient. Ils doivent \u00eatre port\u00e9s selon les instructions pr\u00e9cises de l\u2019orthodontiste, g\u00e9n\u00e9ralement entre 20 et 22 heures par jour, et remplac\u00e9s quotidiennement afin de garantir une force optimale. Une mauvaise observance peut prolonger la dur\u00e9e du traitement.<\/p><p>\u00a0<\/p><p data-start=\"2415\" data-end=\"2748\">Les \u00e9lastiques orthodontiques sont con\u00e7us pour \u00eatre confortables et discrets, mais une l\u00e9g\u00e8re sensibilit\u00e9 peut appara\u00eetre lors des premiers jours de port, signe que les dents commencent \u00e0 se d\u00e9placer. Il est important de suivre rigoureusement les recommandations de votre orthodontiste pour obtenir les meilleurs r\u00e9sultats possibles.<\/p>\t\t\t\t\t\t\t\t<\/div>\n\t\t\t\t<\/div>\n\t\t\t\t\t<\/div>\n\t\t<\/div>\n\t\t\t\t\t<\/div>\n\t\t<\/section>\n\t\t<div class=\"elementor-element elementor-element-c36d7a5 e-flex e-con-boxed e-con e-parent\" data-id=\"c36d7a5\" data-element_type=\"container\" data-e-type=\"container\">\n\t\t\t\t\t<div class=\"e-con-inner\">\n\t\t\t\t<div class=\"elementor-element elementor-element-beac124 elementor-widget elementor-widget-video\" data-id=\"beac124\" data-element_type=\"widget\" data-e-type=\"widget\" data-settings=\"{&quot;youtube_url&quot;:&quot;https:\\\/\\\/www.youtube.com\\\/watch?v=htaHphmPNsg&amp;themeRefresh=1&quot;,&quot;video_type&quot;:&quot;youtube&quot;,&quot;controls&quot;:&quot;yes&quot;}\" data-widget_type=\"video.default\">\n\t\t\t\t<div class=\"elementor-widget-container\">\n\t\t\t\t\t\t\t<div class=\"elementor-wrapper elementor-open-inline\">\n\t\t\t<div class=\"elementor-video\"><\/div>\t\t<\/div>\n\t\t\t\t\t\t<\/div>\n\t\t\t\t<\/div>\n\t\t\t\t\t<\/div>\n\t\t\t\t<\/div>\n\t\t<div class=\"elementor-element elementor-element-6e0d3cc e-flex e-con-boxed e-con e-parent\" data-id=\"6e0d3cc\" data-element_type=\"container\" data-e-type=\"container\">\n\t\t\t\t\t<div class=\"e-con-inner\">\n\t\t\t\t<div class=\"elementor-element elementor-element-0ce5625 elementor-widget elementor-widget-video\" data-id=\"0ce5625\" data-element_type=\"widget\" data-e-type=\"widget\" data-settings=\"{&quot;youtube_url&quot;:&quot;https:\\\/\\\/youtu.be\\\/R3udWHsPAuU?si=jkmoI5QfnbaZRa6q&quot;,&quot;video_type&quot;:&quot;youtube&quot;,&quot;controls&quot;:&quot;yes&quot;}\" data-widget_type=\"video.default\">\n\t\t\t\t<div class=\"elementor-widget-container\">\n\t\t\t\t\t\t\t<div class=\"elementor-wrapper elementor-open-inline\">\n\t\t\t<div class=\"elementor-video\"><\/div>\t\t<\/div>\n\t\t\t\t\t\t<\/div>\n\t\t\t\t<\/div>\n\t\t\t\t\t<\/div>\n\t\t\t\t<\/div>\n\t\t<div class=\"elementor-element elementor-element-b3ab91b e-flex e-con-boxed e-con e-parent\" data-id=\"b3ab91b\" data-element_type=\"container\" data-e-type=\"container\">\n\t\t\t\t\t<div class=\"e-con-inner\">\n\t\t\t\t<div class=\"elementor-element elementor-element-bd1a679 elementor-widget elementor-widget-video\" data-id=\"bd1a679\" data-element_type=\"widget\" data-e-type=\"widget\" data-settings=\"{&quot;youtube_url&quot;:&quot;https:\\\/\\\/youtu.be\\\/F5a857iYrmQ?si=-j-gx5PuacjAycWK&quot;,&quot;video_type&quot;:&quot;youtube&quot;,&quot;controls&quot;:&quot;yes&quot;}\" data-widget_type=\"video.default\">\n\t\t\t\t<div class=\"elementor-widget-container\">\n\t\t\t\t\t\t\t<div class=\"elementor-wrapper elementor-open-inline\">\n\t\t\t<div class=\"elementor-video\"><\/div>\t\t<\/div>\n\t\t\t\t\t\t<\/div>\n\t\t\t\t<\/div>\n\t\t<div class=\"elementor-element elementor-element-159031c e-con-full e-flex e-con e-child\" data-id=\"159031c\" data-element_type=\"container\" data-e-type=\"container\">\n\t\t\t\t<div class=\"elementor-element elementor-element-dcc461b elementor-widget elementor-widget-video\" data-id=\"dcc461b\" data-element_type=\"widget\" data-e-type=\"widget\" data-settings=\"{&quot;youtube_url&quot;:&quot;https:\\\/\\\/youtu.be\\\/Jw7MIbgg-ww?si=nJGHkdQVlKT0p0qi&quot;,&quot;video_type&quot;:&quot;youtube&quot;,&quot;controls&quot;:&quot;yes&quot;}\" data-widget_type=\"video.default\">\n\t\t\t\t<div class=\"elementor-widget-container\">\n\t\t\t\t\t\t\t<div class=\"elementor-wrapper elementor-open-inline\">\n\t\t\t<div class=\"elementor-video\"><\/div>\t\t<\/div>\n\t\t\t\t\t\t<\/div>\n\t\t\t\t<\/div>\n\t\t<div class=\"elementor-element elementor-element-e4bc02c e-con-full e-flex e-con e-child\" data-id=\"e4bc02c\" data-element_type=\"container\" data-e-type=\"container\">\n\t\t\t\t<div class=\"elementor-element elementor-element-57fdb95 elementor-widget elementor-widget-video\" data-id=\"57fdb95\" data-element_type=\"widget\" data-e-type=\"widget\" data-settings=\"{&quot;youtube_url&quot;:&quot;https:\\\/\\\/youtu.be\\\/hI-YuhSVlv0?si=AzuP0JEHfHyxpk4G&quot;,&quot;video_type&quot;:&quot;youtube&quot;,&quot;controls&quot;:&quot;yes&quot;}\" data-widget_type=\"video.default\">\n\t\t\t\t<div class=\"elementor-widget-container\">\n\t\t\t\t\t\t\t<div class=\"elementor-wrapper elementor-open-inline\">\n\t\t\t<div class=\"elementor-video\"><\/div>\t\t<\/div>\n\t\t\t\t\t\t<\/div>\n\t\t\t\t<\/div>\n\t\t<div class=\"elementor-element elementor-element-4615352 e-con-full e-flex e-con e-child\" data-id=\"4615352\" data-element_type=\"container\" data-e-type=\"container\">\n\t\t\t\t<div class=\"elementor-element elementor-element-479e544 elementor-widget elementor-widget-video\" data-id=\"479e544\" data-element_type=\"widget\" data-e-type=\"widget\" data-settings=\"{&quot;youtube_url&quot;:&quot;https:\\\/\\\/youtu.be\\\/oXlNrnOVgzo?si=uNmVaVURoc4tYG8F&quot;,&quot;video_type&quot;:&quot;youtube&quot;,&quot;controls&quot;:&quot;yes&quot;}\" data-widget_type=\"video.default\">\n\t\t\t\t<div class=\"elementor-widget-container\">\n\t\t\t\t\t\t\t<div class=\"elementor-wrapper elementor-open-inline\">\n\t\t\t<div class=\"elementor-video\"><\/div>\t\t<\/div>\n\t\t\t\t\t\t<\/div>\n\t\t\t\t<\/div>\n\t\t\t\t<\/div>\n\t\t\t\t<\/div>\n\t\t\t\t<\/div>\n\t\t\t\t\t<\/div>\n\t\t\t\t<\/div>\n\t\t\t\t<\/div>\n\t\t","protected":false},"excerpt":{"rendered":"<p>Home \u00c9LASTIQUES EN ORTHODONTIE Aper\u00e7u Les \u00c9LASTIQUES EN ORTHODONTIE, \u00e9galement appel\u00e9s \u00e9lastiques intermaxillaires, sont de petits anneaux en caoutchouc utilis\u00e9s dans les traitements orthodontiques pour corriger l\u2019alignement des dents et am\u00e9liorer la relation entre les m\u00e2choires. Ils sont g\u00e9n\u00e9ralement port\u00e9s en compl\u00e9ment d\u2019un appareil orthodontique fixe (bagues) ou d\u2019aligneurs transparents. Les \u00e9lastiques exercent une force [&hellip;]<\/p>\n","protected":false},"author":1,"featured_media":0,"parent":0,"menu_order":0,"comment_status":"closed","ping_status":"closed","template":"elementor_header_footer","meta":{"footnotes":""},"class_list":["post-881","page","type-page","status-publish","hentry"],"_links":{"self":[{"href":"https:\/\/drwajih.com\/index.php\/wp-json\/wp\/v2\/pages\/881","targetHints":{"allow":["GET"]}}],"collection":[{"href":"https:\/\/drwajih.com\/index.php\/wp-json\/wp\/v2\/pages"}],"about":[{"href":"https:\/\/drwajih.com\/index.php\/wp-json\/wp\/v2\/types\/page"}],"author":[{"embeddable":true,"href":"https:\/\/drwajih.com\/index.php\/wp-json\/wp\/v2\/users\/1"}],"replies":[{"embeddable":true,"href":"https:\/\/drwajih.com\/index.php\/wp-json\/wp\/v2\/comments?post=881"}],"version-history":[{"count":13,"href":"https:\/\/drwajih.com\/index.php\/wp-json\/wp\/v2\/pages\/881\/revisions"}],"predecessor-version":[{"id":901,"href":"https:\/\/drwajih.com\/index.php\/wp-json\/wp\/v2\/pages\/881\/revisions\/901"}],"wp:attachment":[{"href":"https:\/\/drwajih.com\/index.php\/wp-json\/wp\/v2\/media?parent=881"}],"curies":[{"name":"wp","href":"https:\/\/api.w.org\/{rel}","templated":true}]}}