{"id":685,"date":"2024-10-18T10:17:14","date_gmt":"2024-10-18T09:17:14","guid":{"rendered":"https:\/\/drwajih.com\/?page_id=685"},"modified":"2024-10-20T11:08:31","modified_gmt":"2024-10-20T10:08:31","slug":"brossage-des-dents","status":"publish","type":"page","link":"https:\/\/drwajih.com\/index.php\/brossage-des-dents\/","title":{"rendered":"BROSSAGE DES DENTS"},"content":{"rendered":"\t\t<div data-elementor-type=\"wp-page\" data-elementor-id=\"685\" class=\"elementor elementor-685\" data-elementor-post-type=\"page\">\n\t\t\t\t\t\t<section class=\"elementor-section elementor-top-section elementor-element elementor-element-5763f629 elementor-section-boxed elementor-section-height-default elementor-section-height-default\" data-id=\"5763f629\" data-element_type=\"section\" data-e-type=\"section\">\n\t\t\t\t\t\t<div class=\"elementor-container elementor-column-gap-default\">\n\t\t\t\t\t<div class=\"elementor-column elementor-col-100 elementor-top-column elementor-element elementor-element-480a31c\" data-id=\"480a31c\" data-element_type=\"column\" data-e-type=\"column\">\n\t\t\t<div class=\"elementor-widget-wrap elementor-element-populated\">\n\t\t\t\t\t\t<div class=\"elementor-element elementor-element-2ad6998a elementor-icon-list--layout-inline elementor-list-item-link-full_width elementor-widget elementor-widget-icon-list\" data-id=\"2ad6998a\" data-element_type=\"widget\" data-e-type=\"widget\" data-widget_type=\"icon-list.default\">\n\t\t\t\t<div class=\"elementor-widget-container\">\n\t\t\t\t\t\t\t<ul class=\"elementor-icon-list-items elementor-inline-items\">\n\t\t\t\t\t\t\t<li class=\"elementor-icon-list-item elementor-inline-item\">\n\t\t\t\t\t\t\t\t\t\t<span class=\"elementor-icon-list-text\">Home<\/span>\n\t\t\t\t\t\t\t\t\t<\/li>\n\t\t\t\t\t\t\t\t<li class=\"elementor-icon-list-item elementor-inline-item\">\n\t\t\t\t\t\t\t\t\t\t\t<span class=\"elementor-icon-list-icon\">\n\t\t\t\t\t\t\t<i aria-hidden=\"true\" class=\"icon icon-chevron-right\"><\/i>\t\t\t\t\t\t<\/span>\n\t\t\t\t\t\t\t\t\t\t<span class=\"elementor-icon-list-text\">BROSSAGE DES DENTS<\/span>\n\t\t\t\t\t\t\t\t\t<\/li>\n\t\t\t\t\t\t<\/ul>\n\t\t\t\t\t\t<\/div>\n\t\t\t\t<\/div>\n\t\t\t\t\t<\/div>\n\t\t<\/div>\n\t\t\t\t\t<\/div>\n\t\t<\/section>\n\t\t\t\t<section class=\"elementor-section elementor-top-section elementor-element elementor-element-4fc3d18 elementor-section-boxed elementor-section-height-default elementor-section-height-default\" data-id=\"4fc3d18\" data-element_type=\"section\" data-e-type=\"section\" data-settings=\"{&quot;background_background&quot;:&quot;classic&quot;}\">\n\t\t\t\t\t\t\t<div class=\"elementor-background-overlay\"><\/div>\n\t\t\t\t\t\t\t<div class=\"elementor-container elementor-column-gap-default\">\n\t\t\t\t\t<div class=\"elementor-column elementor-col-100 elementor-top-column elementor-element elementor-element-35c8ceea\" data-id=\"35c8ceea\" data-element_type=\"column\" data-e-type=\"column\">\n\t\t\t<div class=\"elementor-widget-wrap elementor-element-populated\">\n\t\t\t\t\t\t<div class=\"elementor-element elementor-element-ed6e931 elementor-invisible elementor-widget elementor-widget-heading\" data-id=\"ed6e931\" data-element_type=\"widget\" data-e-type=\"widget\" data-settings=\"{&quot;_animation&quot;:&quot;fadeInRight&quot;}\" data-widget_type=\"heading.default\">\n\t\t\t\t<div class=\"elementor-widget-container\">\n\t\t\t\t\t<h1 class=\"elementor-heading-title elementor-size-default\">BROSSAGE DES DENTS\t\t\t\t<\/h1>\t\t\t\t<\/div>\n\t\t\t\t<\/div>\n\t\t\t\t\t<\/div>\n\t\t<\/div>\n\t\t\t\t\t<\/div>\n\t\t<\/section>\n\t\t\t\t<section class=\"elementor-section elementor-top-section elementor-element elementor-element-59a0743d elementor-section-boxed elementor-section-height-default elementor-section-height-default\" data-id=\"59a0743d\" data-element_type=\"section\" data-e-type=\"section\">\n\t\t\t\t\t\t<div class=\"elementor-container elementor-column-gap-default\">\n\t\t\t\t\t<div class=\"elementor-column elementor-col-100 elementor-top-column elementor-element elementor-element-7e2cd4d6 elementor-invisible\" data-id=\"7e2cd4d6\" data-element_type=\"column\" data-e-type=\"column\" data-settings=\"{&quot;animation&quot;:&quot;fadeInUp&quot;}\">\n\t\t\t<div class=\"elementor-widget-wrap elementor-element-populated\">\n\t\t\t\t\t\t<div class=\"elementor-element elementor-element-1a6c4994 elementor-widget elementor-widget-image\" data-id=\"1a6c4994\" data-element_type=\"widget\" data-e-type=\"widget\" data-widget_type=\"image.default\">\n\t\t\t\t<div class=\"elementor-widget-container\">\n\t\t\t\t\t\t\t\t\t\t\t\t\t\t\t<img fetchpriority=\"high\" decoding=\"async\" width=\"2560\" height=\"1707\" src=\"https:\/\/drwajih.com\/wp-content\/uploads\/2023\/10\/infirmiere-exercant-disposition-machoire-dents-scaled.jpg\" class=\"attachment-full size-full wp-image-600\" alt=\"\" srcset=\"https:\/\/drwajih.com\/wp-content\/uploads\/2023\/10\/infirmiere-exercant-disposition-machoire-dents-scaled.jpg 2560w, https:\/\/drwajih.com\/wp-content\/uploads\/2023\/10\/infirmiere-exercant-disposition-machoire-dents-300x200.jpg 300w, https:\/\/drwajih.com\/wp-content\/uploads\/2023\/10\/infirmiere-exercant-disposition-machoire-dents-1024x683.jpg 1024w, https:\/\/drwajih.com\/wp-content\/uploads\/2023\/10\/infirmiere-exercant-disposition-machoire-dents-768x512.jpg 768w, https:\/\/drwajih.com\/wp-content\/uploads\/2023\/10\/infirmiere-exercant-disposition-machoire-dents-1536x1024.jpg 1536w, https:\/\/drwajih.com\/wp-content\/uploads\/2023\/10\/infirmiere-exercant-disposition-machoire-dents-2048x1365.jpg 2048w\" sizes=\"(max-width: 2560px) 100vw, 2560px\" \/>\t\t\t\t\t\t\t\t\t\t\t\t\t\t\t<\/div>\n\t\t\t\t<\/div>\n\t\t\t\t<div class=\"elementor-element elementor-element-7c91e72c elementor-widget elementor-widget-heading\" data-id=\"7c91e72c\" data-element_type=\"widget\" data-e-type=\"widget\" data-widget_type=\"heading.default\">\n\t\t\t\t<div class=\"elementor-widget-container\">\n\t\t\t\t\t<h3 class=\"elementor-heading-title elementor-size-default\">Aper\u00e7u<\/h3>\t\t\t\t<\/div>\n\t\t\t\t<\/div>\n\t\t\t\t<div class=\"elementor-element elementor-element-183dfb36 elementor-widget__width-initial elementor-widget elementor-widget-text-editor\" data-id=\"183dfb36\" data-element_type=\"widget\" data-e-type=\"widget\" data-widget_type=\"text-editor.default\">\n\t\t\t\t<div class=\"elementor-widget-container\">\n\t\t\t\t\t\t\t\t\t<p>Un bon brossage des dents est essentiel pour maintenir une bonne sant\u00e9 bucco-dentaire et pr\u00e9venir de nombreux probl\u00e8mes tels que les caries, la plaque dentaire ou encore les maladies des gencives. D\u00e9couvrez tout ce que vous devez savoir pour adopter les bons gestes et prot\u00e9ger votre sourire au quotidien.<\/p><h3>Pourquoi le brossage des dents est-il si important ?<\/h3><p>Le brossage des dents permet de :<\/p><ul><li><strong>\u00c9liminer la plaque dentaire<\/strong> : Cette fine couche de bact\u00e9ries peut entra\u00eener des caries si elle n&#8217;est pas retir\u00e9e r\u00e9guli\u00e8rement.<\/li><li><strong>Pr\u00e9venir les maladies des gencives<\/strong> : Un brossage insuffisant peut provoquer des inflammations, des saignements, et m\u00eame conduire \u00e0 une gingivite ou une parodontite.<\/li><li><strong>Rafra\u00eechir l&#8217;haleine<\/strong> : Une bonne hygi\u00e8ne dentaire aide \u00e0 \u00e9viter la mauvaise haleine en \u00e9liminant les d\u00e9bris alimentaires et les bact\u00e9ries.<\/li><li><strong>Conserver des dents fortes<\/strong> : Des dents bien nettoy\u00e9es restent plus solides et plus r\u00e9sistantes aux attaques acides provenant de l\u2019alimentation.<\/li><\/ul><h3>La technique id\u00e9ale pour un brossage efficace<\/h3><p>Pour que le brossage soit r\u00e9ellement efficace, il est important d\u2019adopter la bonne m\u00e9thode :<\/p><ul><li><strong>Fr\u00e9quence<\/strong> : Brossez-vous les dents <strong>au moins deux fois par jour<\/strong>, id\u00e9alement apr\u00e8s chaque repas.<\/li><li><strong>Dur\u00e9e<\/strong> : Un brossage efficace doit durer environ <strong>2 minutes<\/strong>. Divisez votre bouche en quatre sections (haut gauche, haut droit, bas gauche, bas droit) et brossez chacune pendant 30 secondes.<\/li><li><strong>Mouvement<\/strong> : Utilisez des mouvements circulaires doux pour \u00e9viter d&#8217;endommager les gencives. Inclinez la brosse \u00e0 45 degr\u00e9s vers les gencives pour bien nettoyer la jonction entre la dent et la gencive.<\/li><li><strong>Ne pas oublier la langue<\/strong> : Brossez d\u00e9licatement votre langue pour \u00e9liminer les bact\u00e9ries et rafra\u00eechir l&#8217;haleine.<\/li><\/ul><h3>Choisir la bonne brosse \u00e0 dents et dentifrice<\/h3><ul><li><strong>Brosse \u00e0 dents<\/strong> : Optez pour une brosse \u00e0 dents \u00e0 poils souples pour \u00e9viter d\u2019irriter vos gencives et de porter l&#8217;\u00e9mail de vos dents. Il est recommand\u00e9 de changer de brosse tous les <strong>3 mois<\/strong>.<\/li><li><strong>Dentifrice<\/strong> : Utilisez un dentifrice contenant du <strong>fluor<\/strong> pour renforcer l\u2019\u00e9mail et prot\u00e9ger vos dents contre les caries. Si vous avez des besoins sp\u00e9cifiques (dents sensibles, gencives irrit\u00e9es), demandez conseil \u00e0 votre dentiste.<\/li><\/ul><h3>Ne pas n\u00e9gliger le fil dentaire et le bain de bouche<\/h3><p>Le brossage seul ne suffit pas \u00e0 \u00e9liminer toutes les particules coinc\u00e9es entre les dents. L&#8217;utilisation quotidienne de <strong>fil dentaire<\/strong> aide \u00e0 pr\u00e9venir l&#8217;accumulation de plaque dans les espaces difficiles d&#8217;acc\u00e8s. De plus, un <strong>bain de bouche antiseptique<\/strong> peut compl\u00e9ter votre routine en r\u00e9duisant les bact\u00e9ries et en rafra\u00eechissant l&#8217;haleine.<\/p><h3>Nos conseils pour un sourire \u00e9clatant<\/h3><p>Adopter une bonne routine de brossage est l\u2019un des gestes les plus simples pour conserver un sourire sain et \u00e9clatant tout au long de votre vie. Si vous avez des doutes sur votre technique de brossage ou si vous cherchez des recommandations personnalis\u00e9es, n&#8217;h\u00e9sitez pas \u00e0 prendre rendez-vous avec l&#8217;un de nos dentistes. Nous sommes l\u00e0 pour vous accompagner dans votre d\u00e9marche de sant\u00e9 bucco-dentaire.<\/p>\t\t\t\t\t\t\t\t<\/div>\n\t\t\t\t<\/div>\n\t\t\t\t\t<\/div>\n\t\t<\/div>\n\t\t\t\t\t<\/div>\n\t\t<\/section>\n\t\t<div class=\"elementor-element elementor-element-d728150 e-flex e-con-boxed e-con e-parent\" data-id=\"d728150\" data-element_type=\"container\" data-e-type=\"container\">\n\t\t\t\t\t<div class=\"e-con-inner\">\n\t\t\t\t<div class=\"elementor-element elementor-element-bbcdbab elementor-widget elementor-widget-video\" data-id=\"bbcdbab\" data-element_type=\"widget\" data-e-type=\"widget\" data-settings=\"{&quot;youtube_url&quot;:&quot;https:\\\/\\\/youtu.be\\\/CaJeZaJi4iU?si=nvP0vmhNmPDp4KYB\\t\\t\\t\\t&quot;,&quot;video_type&quot;:&quot;youtube&quot;,&quot;controls&quot;:&quot;yes&quot;}\" data-widget_type=\"video.default\">\n\t\t\t\t<div class=\"elementor-widget-container\">\n\t\t\t\t\t\t\t<div class=\"elementor-wrapper elementor-open-inline\">\n\t\t\t<div class=\"elementor-video\"><\/div>\t\t<\/div>\n\t\t\t\t\t\t<\/div>\n\t\t\t\t<\/div>\n\t\t\t\t\t<\/div>\n\t\t\t\t<\/div>\n\t\t<div class=\"elementor-element elementor-element-d9f43a9 e-flex e-con-boxed e-con e-parent\" data-id=\"d9f43a9\" data-element_type=\"container\" data-e-type=\"container\">\n\t\t\t\t\t<div class=\"e-con-inner\">\n\t\t\t\t<div class=\"elementor-element elementor-element-25215c6 elementor-widget elementor-widget-video\" data-id=\"25215c6\" data-element_type=\"widget\" data-e-type=\"widget\" data-settings=\"{&quot;youtube_url&quot;:&quot;https:\\\/\\\/youtu.be\\\/m5MiPmRl0zc?si=BQ-Rrz8VtRQhDsDM\\t\\t\\t\\t&quot;,&quot;video_type&quot;:&quot;youtube&quot;,&quot;controls&quot;:&quot;yes&quot;}\" data-widget_type=\"video.default\">\n\t\t\t\t<div class=\"elementor-widget-container\">\n\t\t\t\t\t\t\t<div class=\"elementor-wrapper elementor-open-inline\">\n\t\t\t<div class=\"elementor-video\"><\/div>\t\t<\/div>\n\t\t\t\t\t\t<\/div>\n\t\t\t\t<\/div>\n\t\t\t\t\t<\/div>\n\t\t\t\t<\/div>\n\t\t<div class=\"elementor-element elementor-element-b156721 e-flex e-con-boxed e-con e-parent\" data-id=\"b156721\" data-element_type=\"container\" data-e-type=\"container\">\n\t\t\t\t\t<div class=\"e-con-inner\">\n\t\t\t\t<div class=\"elementor-element elementor-element-5540e7c elementor-widget elementor-widget-video\" data-id=\"5540e7c\" data-element_type=\"widget\" data-e-type=\"widget\" data-settings=\"{&quot;youtube_url&quot;:&quot;https:\\\/\\\/youtu.be\\\/patZirMjPbw?si=Yo23l1PHY-W3KsEy\\t\\t\\t\\t&quot;,&quot;video_type&quot;:&quot;youtube&quot;,&quot;controls&quot;:&quot;yes&quot;}\" data-widget_type=\"video.default\">\n\t\t\t\t<div class=\"elementor-widget-container\">\n\t\t\t\t\t\t\t<div class=\"elementor-wrapper elementor-open-inline\">\n\t\t\t<div class=\"elementor-video\"><\/div>\t\t<\/div>\n\t\t\t\t\t\t<\/div>\n\t\t\t\t<\/div>\n\t\t\t\t\t<\/div>\n\t\t\t\t<\/div>\n\t\t<div class=\"elementor-element elementor-element-9140544 e-flex e-con-boxed e-con e-parent\" data-id=\"9140544\" data-element_type=\"container\" data-e-type=\"container\">\n\t\t\t\t\t<div class=\"e-con-inner\">\n\t\t\t\t<div class=\"elementor-element elementor-element-3056714 elementor-widget elementor-widget-video\" data-id=\"3056714\" data-element_type=\"widget\" data-e-type=\"widget\" data-settings=\"{&quot;youtube_url&quot;:&quot;https:\\\/\\\/youtu.be\\\/wZvDDlzpelk?si=h0tUMo2meJRi_Rof\\t\\t\\t\\t&quot;,&quot;video_type&quot;:&quot;youtube&quot;,&quot;controls&quot;:&quot;yes&quot;}\" data-widget_type=\"video.default\">\n\t\t\t\t<div class=\"elementor-widget-container\">\n\t\t\t\t\t\t\t<div class=\"elementor-wrapper elementor-open-inline\">\n\t\t\t<div class=\"elementor-video\"><\/div>\t\t<\/div>\n\t\t\t\t\t\t<\/div>\n\t\t\t\t<\/div>\n\t\t\t\t\t<\/div>\n\t\t\t\t<\/div>\n\t\t\t\t<\/div>\n\t\t","protected":false},"excerpt":{"rendered":"<p>Home BROSSAGE DES DENTS Aper\u00e7u Un bon brossage des dents est essentiel pour maintenir une bonne sant\u00e9 bucco-dentaire et pr\u00e9venir de nombreux probl\u00e8mes tels que les caries, la plaque dentaire ou encore les maladies des gencives. D\u00e9couvrez tout ce que vous devez savoir pour adopter les bons gestes et prot\u00e9ger votre sourire au quotidien. Pourquoi [&hellip;]<\/p>\n","protected":false},"author":1,"featured_media":0,"parent":0,"menu_order":0,"comment_status":"closed","ping_status":"closed","template":"elementor_header_footer","meta":{"footnotes":""},"class_list":["post-685","page","type-page","status-publish","hentry"],"_links":{"self":[{"href":"https:\/\/drwajih.com\/index.php\/wp-json\/wp\/v2\/pages\/685","targetHints":{"allow":["GET"]}}],"collection":[{"href":"https:\/\/drwajih.com\/index.php\/wp-json\/wp\/v2\/pages"}],"about":[{"href":"https:\/\/drwajih.com\/index.php\/wp-json\/wp\/v2\/types\/page"}],"author":[{"embeddable":true,"href":"https:\/\/drwajih.com\/index.php\/wp-json\/wp\/v2\/users\/1"}],"replies":[{"embeddable":true,"href":"https:\/\/drwajih.com\/index.php\/wp-json\/wp\/v2\/comments?post=685"}],"version-history":[{"count":7,"href":"https:\/\/drwajih.com\/index.php\/wp-json\/wp\/v2\/pages\/685\/revisions"}],"predecessor-version":[{"id":756,"href":"https:\/\/drwajih.com\/index.php\/wp-json\/wp\/v2\/pages\/685\/revisions\/756"}],"wp:attachment":[{"href":"https:\/\/drwajih.com\/index.php\/wp-json\/wp\/v2\/media?parent=685"}],"curies":[{"name":"wp","href":"https:\/\/api.w.org\/{rel}","templated":true}]}}