{"id":663,"date":"2024-10-18T09:41:12","date_gmt":"2024-10-18T08:41:12","guid":{"rendered":"https:\/\/drwajih.com\/?page_id=663"},"modified":"2026-02-08T16:04:41","modified_gmt":"2026-02-08T16:04:41","slug":"extraction-dents-de-sagesses-et-incluses","status":"publish","type":"page","link":"https:\/\/drwajih.com\/index.php\/extraction-dents-de-sagesses-et-incluses\/","title":{"rendered":"Extraction dents de sagesses et incluses\u200b"},"content":{"rendered":"\t\t<div data-elementor-type=\"wp-page\" data-elementor-id=\"663\" class=\"elementor elementor-663\" data-elementor-post-type=\"page\">\n\t\t\t\t\t\t<section class=\"elementor-section elementor-top-section elementor-element elementor-element-5763f629 elementor-section-boxed elementor-section-height-default elementor-section-height-default\" data-id=\"5763f629\" data-element_type=\"section\" data-e-type=\"section\">\n\t\t\t\t\t\t<div class=\"elementor-container elementor-column-gap-default\">\n\t\t\t\t\t<div class=\"elementor-column elementor-col-100 elementor-top-column elementor-element elementor-element-480a31c\" data-id=\"480a31c\" data-element_type=\"column\" data-e-type=\"column\">\n\t\t\t<div class=\"elementor-widget-wrap elementor-element-populated\">\n\t\t\t\t\t\t<div class=\"elementor-element elementor-element-2ad6998a elementor-icon-list--layout-inline elementor-list-item-link-full_width elementor-widget elementor-widget-icon-list\" data-id=\"2ad6998a\" data-element_type=\"widget\" data-e-type=\"widget\" data-widget_type=\"icon-list.default\">\n\t\t\t\t<div class=\"elementor-widget-container\">\n\t\t\t\t\t\t\t<ul class=\"elementor-icon-list-items elementor-inline-items\">\n\t\t\t\t\t\t\t<li class=\"elementor-icon-list-item elementor-inline-item\">\n\t\t\t\t\t\t\t\t\t\t<span class=\"elementor-icon-list-text\">Home<\/span>\n\t\t\t\t\t\t\t\t\t<\/li>\n\t\t\t\t\t\t\t\t<li class=\"elementor-icon-list-item elementor-inline-item\">\n\t\t\t\t\t\t\t\t\t\t\t<span class=\"elementor-icon-list-icon\">\n\t\t\t\t\t\t\t<i aria-hidden=\"true\" class=\"icon icon-chevron-right\"><\/i>\t\t\t\t\t\t<\/span>\n\t\t\t\t\t\t\t\t\t\t<span class=\"elementor-icon-list-text\">Extraction dents de sagesses et incluses\u200b<\/span>\n\t\t\t\t\t\t\t\t\t<\/li>\n\t\t\t\t\t\t<\/ul>\n\t\t\t\t\t\t<\/div>\n\t\t\t\t<\/div>\n\t\t\t\t\t<\/div>\n\t\t<\/div>\n\t\t\t\t\t<\/div>\n\t\t<\/section>\n\t\t\t\t<section class=\"elementor-section elementor-top-section elementor-element elementor-element-4fc3d18 elementor-section-boxed elementor-section-height-default elementor-section-height-default\" data-id=\"4fc3d18\" data-element_type=\"section\" data-e-type=\"section\" data-settings=\"{&quot;background_background&quot;:&quot;classic&quot;}\">\n\t\t\t\t\t\t\t<div class=\"elementor-background-overlay\"><\/div>\n\t\t\t\t\t\t\t<div class=\"elementor-container elementor-column-gap-default\">\n\t\t\t\t\t<div class=\"elementor-column elementor-col-100 elementor-top-column elementor-element elementor-element-35c8ceea\" data-id=\"35c8ceea\" data-element_type=\"column\" data-e-type=\"column\">\n\t\t\t<div class=\"elementor-widget-wrap elementor-element-populated\">\n\t\t\t\t\t\t<div class=\"elementor-element elementor-element-ed6e931 elementor-invisible elementor-widget elementor-widget-heading\" data-id=\"ed6e931\" data-element_type=\"widget\" data-e-type=\"widget\" data-settings=\"{&quot;_animation&quot;:&quot;fadeInRight&quot;}\" data-widget_type=\"heading.default\">\n\t\t\t\t<div class=\"elementor-widget-container\">\n\t\t\t\t\t<h1 class=\"elementor-heading-title elementor-size-default\">Extraction dents de sagesses et incluses<\/h1>\t\t\t\t<\/div>\n\t\t\t\t<\/div>\n\t\t\t\t\t<\/div>\n\t\t<\/div>\n\t\t\t\t\t<\/div>\n\t\t<\/section>\n\t\t\t\t<section class=\"elementor-section elementor-top-section elementor-element elementor-element-59a0743d elementor-section-boxed elementor-section-height-default elementor-section-height-default\" data-id=\"59a0743d\" data-element_type=\"section\" data-e-type=\"section\">\n\t\t\t\t\t\t<div class=\"elementor-container elementor-column-gap-default\">\n\t\t\t\t\t<div class=\"elementor-column elementor-col-100 elementor-top-column elementor-element elementor-element-7e2cd4d6 elementor-invisible\" data-id=\"7e2cd4d6\" data-element_type=\"column\" data-e-type=\"column\" data-settings=\"{&quot;animation&quot;:&quot;fadeInUp&quot;}\">\n\t\t\t<div class=\"elementor-widget-wrap elementor-element-populated\">\n\t\t\t\t\t\t<div class=\"elementor-element elementor-element-1a6c4994 elementor-widget elementor-widget-image\" data-id=\"1a6c4994\" data-element_type=\"widget\" data-e-type=\"widget\" data-widget_type=\"image.default\">\n\t\t\t\t<div class=\"elementor-widget-container\">\n\t\t\t\t\t\t\t\t\t\t\t\t\t\t\t<img fetchpriority=\"high\" decoding=\"async\" width=\"1600\" height=\"1000\" src=\"https:\/\/drwajih.com\/wp-content\/uploads\/2024\/10\/Article-49.jpg\" class=\"attachment-full size-full wp-image-671\" alt=\"\" srcset=\"https:\/\/drwajih.com\/wp-content\/uploads\/2024\/10\/Article-49.jpg 1600w, https:\/\/drwajih.com\/wp-content\/uploads\/2024\/10\/Article-49-300x188.jpg 300w, https:\/\/drwajih.com\/wp-content\/uploads\/2024\/10\/Article-49-1024x640.jpg 1024w, https:\/\/drwajih.com\/wp-content\/uploads\/2024\/10\/Article-49-768x480.jpg 768w, https:\/\/drwajih.com\/wp-content\/uploads\/2024\/10\/Article-49-1536x960.jpg 1536w\" sizes=\"(max-width: 1600px) 100vw, 1600px\" \/>\t\t\t\t\t\t\t\t\t\t\t\t\t\t\t<\/div>\n\t\t\t\t<\/div>\n\t\t\t\t<div class=\"elementor-element elementor-element-7c91e72c elementor-widget elementor-widget-heading\" data-id=\"7c91e72c\" data-element_type=\"widget\" data-e-type=\"widget\" data-widget_type=\"heading.default\">\n\t\t\t\t<div class=\"elementor-widget-container\">\n\t\t\t\t\t<h3 class=\"elementor-heading-title elementor-size-default\">Aper\u00e7u<\/h3>\t\t\t\t<\/div>\n\t\t\t\t<\/div>\n\t\t\t\t<div class=\"elementor-element elementor-element-183dfb36 elementor-widget__width-initial elementor-widget elementor-widget-text-editor\" data-id=\"183dfb36\" data-element_type=\"widget\" data-e-type=\"widget\" data-widget_type=\"text-editor.default\">\n\t\t\t\t<div class=\"elementor-widget-container\">\n\t\t\t\t\t\t\t\t\t<p>L&#8217;extraction des dents de sagesse est une proc\u00e9dure courante r\u00e9alis\u00e9e pour pr\u00e9venir ou traiter divers probl\u00e8mes bucco-dentaires. Ces derni\u00e8res molaires, situ\u00e9es \u00e0 l&#8217;arri\u00e8re de la bouche, \u00e9mergent g\u00e9n\u00e9ralement entre 17 et 25 ans. Cependant, elles n\u2019ont souvent pas suffisamment de place pour se d\u00e9velopper correctement, ce qui peut entra\u00eener des complications.<\/p><h3>Pourquoi extraire les dents de sagesse ?<\/h3><p>Les dents de sagesse peuvent poser plusieurs probl\u00e8mes lorsqu&#8217;elles ne trouvent pas suffisamment d\u2019espace pour \u00e9merger normalement :<\/p><ul><li><strong>Infections<\/strong> : Elles peuvent causer des infections ou des abc\u00e8s en raison d&#8217;une mauvaise \u00e9ruption.<\/li><li><strong>Douleurs<\/strong> : Leur pression sur les autres dents peut provoquer des douleurs.<\/li><li><strong>D\u00e9placement des dents<\/strong> : Si elles poussent de fa\u00e7on incorrecte, elles peuvent entra\u00eener un d\u00e9placement des dents adjacentes.<\/li><li><strong>Kystes<\/strong> : Parfois, des kystes peuvent se former autour des dents de sagesse, affectant les structures voisines.<\/li><\/ul><h3>Quand consulter pour une extraction ?<\/h3><p>Il est recommand\u00e9 de consulter un dentiste d\u00e8s les premiers signes de douleur ou d\u2019inconfort, ou si vos dents de sagesse commencent \u00e0 se d\u00e9velopper. Le dentiste effectuera une radiographie pour \u00e9valuer la position des dents et d\u00e9terminer si une extraction est n\u00e9cessaire.<\/p><h3>La proc\u00e9dure d&#8217;extraction<\/h3><p>L&#8217;extraction des dents de sagesse est une intervention g\u00e9n\u00e9ralement r\u00e9alis\u00e9e sous anesth\u00e9sie locale, r\u00e9gionale ou g\u00e9n\u00e9rale, selon la complexit\u00e9 du cas. Le dentiste ou le chirurgien maxillo-facial fera une petite incision pour retirer la dent. Dans certains cas, la dent sera extraite en plusieurs morceaux.<\/p><h3>Apr\u00e8s l&#8217;extraction : Soins et r\u00e9cup\u00e9ration<\/h3><p>Apr\u00e8s l\u2019intervention, un temps de r\u00e9cup\u00e9ration est n\u00e9cessaire. Voici quelques conseils pour une gu\u00e9rison optimale :<\/p><ul><li>Appliquez des compresses froides pour r\u00e9duire le gonflement.<\/li><li>Prenez les m\u00e9dicaments prescrits pour soulager la douleur.<\/li><li>\u00c9vitez de fumer ou de consommer des aliments durs.<\/li><li>Maintenez une bonne hygi\u00e8ne buccale en nettoyant doucement la zone autour de la plaie.<\/li><\/ul><h3>Nos services<\/h3><p>Notre \u00e9quipe de sp\u00e9cialistes est l\u00e0 pour vous accompagner tout au long du processus, de la consultation initiale \u00e0 la r\u00e9cup\u00e9ration post-op\u00e9ratoire. Nous veillons \u00e0 ce que vous b\u00e9n\u00e9ficiez des meilleurs soins, dans un environnement s\u00fbr et confortable.<\/p><p>Les couronnes dentaires sont g\u00e9n\u00e9ralement recommand\u00e9es dans les situations suivantes :<\/p><ol><li>Restauration d&#8217;une dent cari\u00e9e : Lorsqu&#8217;une dent a une carie importante qui ne peut pas \u00eatre r\u00e9par\u00e9e avec une obturation dentaire (plombage), une couronne dentaire peut \u00eatre n\u00e9cessaire pour restaurer la dent et la prot\u00e9ger contre d&#8217;autres dommages.<\/li><\/ol><ol start=\"2\"><li>Renforcement d&#8217;une dent fragilis\u00e9e : Une dent qui est affaiblie en raison d&#8217;une fracture, d&#8217;une fissure ou d&#8217;une usure importante peut \u00eatre renforc\u00e9e avec une couronne pour \u00e9viter qu&#8217;elle ne se casse davantage.<\/li><\/ol><ol start=\"3\"><li>Protection d&#8217;une dent apr\u00e8s un traitement de canal : Apr\u00e8s un traitement de canal, la dent peut devenir fragile et plus sujette \u00e0 la fracture. Une couronne est souvent plac\u00e9e pour prot\u00e9ger la dent trait\u00e9e.<\/li><\/ol><ol start=\"4\"><li>Am\u00e9lioration de l&#8217;apparence : Les couronnes dentaires en c\u00e9ramique ou en porcelaine sont fr\u00e9quemment utilis\u00e9es pour am\u00e9liorer l&#8217;apparence des dents en cas de d\u00e9coloration, de d\u00e9formation ou de malformation.<\/li><\/ol><ol start=\"5\"><li>Support pour un pont dentaire : Une couronne peut servir de support \u00e0 un pont dentaire, qui remplace une ou plusieurs dents manquantes en utilisant les dents adjacentes comme piliers.<\/li><\/ol><ol start=\"6\"><li>Restauration d&#8217;implants dentaires : Lorsqu&#8217;une dent est manquante et qu&#8217;elle est remplac\u00e9e par un implant dentaire, une couronne dentaire est plac\u00e9e sur l&#8217;implant pour remplacer la dent manquante.<\/li><\/ol><ol start=\"7\"><li>La pose d&#8217;une couronne dentaire n\u00e9cessite g\u00e9n\u00e9ralement deux rendez-vous chez le dentiste. Lors du premier rendez-vous, le dentiste pr\u00e9pare la dent en enlevant une partie de sa structure, prend des empreintes pour fabriquer la couronne sur mesure, et place une couronne temporaire. Lors du deuxi\u00e8me rendez-vous, la couronne permanente est fix\u00e9e sur la dent pr\u00e9par\u00e9e \u00e0 l&#8217;aide de ciments dentaires sp\u00e9ciaux.<\/li><\/ol><ol start=\"8\"><li>Les couronnes dentaires sont con\u00e7ues pour durer de nombreuses ann\u00e9es, mais elles peuvent n\u00e9cessiter un remplacement p\u00e9riodique en raison de l&#8217;usure normale ou de tout dommage \u00e9ventuel. Votre dentiste peut vous conseiller sur le type de couronne le mieux adapt\u00e9 \u00e0 vos besoins sp\u00e9cifiques.<\/li><\/ol>\t\t\t\t\t\t\t\t<\/div>\n\t\t\t\t<\/div>\n\t\t\t\t\t<\/div>\n\t\t<\/div>\n\t\t\t\t\t<\/div>\n\t\t<\/section>\n\t\t<div class=\"elementor-element elementor-element-d728150 e-flex e-con-boxed e-con e-parent\" data-id=\"d728150\" data-element_type=\"container\" data-e-type=\"container\">\n\t\t\t\t\t<div class=\"e-con-inner\">\n\t\t\t\t<div class=\"elementor-element elementor-element-bbcdbab elementor-widget elementor-widget-video\" data-id=\"bbcdbab\" data-element_type=\"widget\" data-e-type=\"widget\" data-settings=\"{&quot;youtube_url&quot;:&quot;https:\\\/\\\/www.youtube.com\\\/watch?v=U7LHLFNGdak&amp;pp=ygUkZXh0cmFjdGlvbiBkZW50IGRlIHNhZ2Vzc2UgY2hpcnVyZ2ll\\t\\t\\t\\t&quot;,&quot;video_type&quot;:&quot;youtube&quot;,&quot;controls&quot;:&quot;yes&quot;}\" data-widget_type=\"video.default\">\n\t\t\t\t<div class=\"elementor-widget-container\">\n\t\t\t\t\t\t\t<div class=\"elementor-wrapper elementor-open-inline\">\n\t\t\t<div class=\"elementor-video\"><\/div>\t\t<\/div>\n\t\t\t\t\t\t<\/div>\n\t\t\t\t<\/div>\n\t\t\t\t\t<\/div>\n\t\t\t\t<\/div>\n\t\t<div class=\"elementor-element elementor-element-d9f43a9 e-flex e-con-boxed e-con e-parent\" data-id=\"d9f43a9\" data-element_type=\"container\" data-e-type=\"container\">\n\t\t\t\t\t<div class=\"e-con-inner\">\n\t\t\t\t<div class=\"elementor-element elementor-element-25215c6 elementor-widget elementor-widget-video\" data-id=\"25215c6\" data-element_type=\"widget\" data-e-type=\"widget\" data-settings=\"{&quot;youtube_url&quot;:&quot;https:\\\/\\\/www.youtube.com\\\/watch?v=idW6iHykkzk&amp;pp=ygUkZXh0cmFjdGlvbiBkZW50IGRlIHNhZ2Vzc2UgY2hpcnVyZ2ll\\t\\t\\t\\t&quot;,&quot;video_type&quot;:&quot;youtube&quot;,&quot;controls&quot;:&quot;yes&quot;}\" data-widget_type=\"video.default\">\n\t\t\t\t<div class=\"elementor-widget-container\">\n\t\t\t\t\t\t\t<div class=\"elementor-wrapper elementor-open-inline\">\n\t\t\t<div class=\"elementor-video\"><\/div>\t\t<\/div>\n\t\t\t\t\t\t<\/div>\n\t\t\t\t<\/div>\n\t\t\t\t\t<\/div>\n\t\t\t\t<\/div>\n\t\t<div class=\"elementor-element elementor-element-b156721 e-flex e-con-boxed e-con e-parent\" data-id=\"b156721\" data-element_type=\"container\" data-e-type=\"container\">\n\t\t\t\t\t<div class=\"e-con-inner\">\n\t\t<div class=\"elementor-element elementor-element-b109eef e-flex e-con-boxed e-con e-child\" data-id=\"b109eef\" data-element_type=\"container\" data-e-type=\"container\">\n\t\t\t\t\t<div class=\"e-con-inner\">\n\t\t\t\t\t<\/div>\n\t\t\t\t<\/div>\n\t\t\t\t\t<\/div>\n\t\t\t\t<\/div>\n\t\t\t\t<\/div>\n\t\t","protected":false},"excerpt":{"rendered":"<p>Home Extraction dents de sagesses et incluses Aper\u00e7u L&#8217;extraction des dents de sagesse est une proc\u00e9dure courante r\u00e9alis\u00e9e pour pr\u00e9venir ou traiter divers probl\u00e8mes bucco-dentaires. Ces derni\u00e8res molaires, situ\u00e9es \u00e0 l&#8217;arri\u00e8re de la bouche, \u00e9mergent g\u00e9n\u00e9ralement entre 17 et 25 ans. Cependant, elles n\u2019ont souvent pas suffisamment de place pour se d\u00e9velopper correctement, ce qui [&hellip;]<\/p>\n","protected":false},"author":1,"featured_media":0,"parent":0,"menu_order":0,"comment_status":"closed","ping_status":"closed","template":"elementor_header_footer","meta":{"footnotes":""},"class_list":["post-663","page","type-page","status-publish","hentry"],"_links":{"self":[{"href":"https:\/\/drwajih.com\/index.php\/wp-json\/wp\/v2\/pages\/663","targetHints":{"allow":["GET"]}}],"collection":[{"href":"https:\/\/drwajih.com\/index.php\/wp-json\/wp\/v2\/pages"}],"about":[{"href":"https:\/\/drwajih.com\/index.php\/wp-json\/wp\/v2\/types\/page"}],"author":[{"embeddable":true,"href":"https:\/\/drwajih.com\/index.php\/wp-json\/wp\/v2\/users\/1"}],"replies":[{"embeddable":true,"href":"https:\/\/drwajih.com\/index.php\/wp-json\/wp\/v2\/comments?post=663"}],"version-history":[{"count":16,"href":"https:\/\/drwajih.com\/index.php\/wp-json\/wp\/v2\/pages\/663\/revisions"}],"predecessor-version":[{"id":849,"href":"https:\/\/drwajih.com\/index.php\/wp-json\/wp\/v2\/pages\/663\/revisions\/849"}],"wp:attachment":[{"href":"https:\/\/drwajih.com\/index.php\/wp-json\/wp\/v2\/media?parent=663"}],"curies":[{"name":"wp","href":"https:\/\/api.w.org\/{rel}","templated":true}]}}