{"id":524,"date":"2023-10-31T10:54:07","date_gmt":"2023-10-31T10:54:07","guid":{"rendered":"https:\/\/drwajih.com\/?page_id=524"},"modified":"2026-02-08T16:08:28","modified_gmt":"2026-02-08T16:08:28","slug":"reeducation-linguale-et-fonctionnelle","status":"publish","type":"page","link":"https:\/\/drwajih.com\/index.php\/reeducation-linguale-et-fonctionnelle\/","title":{"rendered":"REEDUCATION LINGUALE ET FONCTIONNELLE"},"content":{"rendered":"\t\t<div data-elementor-type=\"wp-page\" data-elementor-id=\"524\" class=\"elementor elementor-524\" data-elementor-post-type=\"page\">\n\t\t\t\t\t\t<section class=\"elementor-section elementor-top-section elementor-element elementor-element-5763f629 elementor-section-boxed elementor-section-height-default elementor-section-height-default\" data-id=\"5763f629\" data-element_type=\"section\" data-e-type=\"section\">\n\t\t\t\t\t\t<div class=\"elementor-container elementor-column-gap-default\">\n\t\t\t\t\t<div class=\"elementor-column elementor-col-100 elementor-top-column elementor-element elementor-element-480a31c\" data-id=\"480a31c\" data-element_type=\"column\" data-e-type=\"column\">\n\t\t\t<div class=\"elementor-widget-wrap elementor-element-populated\">\n\t\t\t\t\t\t<div class=\"elementor-element elementor-element-2ad6998a elementor-icon-list--layout-inline elementor-list-item-link-full_width elementor-widget elementor-widget-icon-list\" data-id=\"2ad6998a\" data-element_type=\"widget\" data-e-type=\"widget\" data-widget_type=\"icon-list.default\">\n\t\t\t\t<div class=\"elementor-widget-container\">\n\t\t\t\t\t\t\t<ul class=\"elementor-icon-list-items elementor-inline-items\">\n\t\t\t\t\t\t\t<li class=\"elementor-icon-list-item elementor-inline-item\">\n\t\t\t\t\t\t\t\t\t\t<span class=\"elementor-icon-list-text\">Home<\/span>\n\t\t\t\t\t\t\t\t\t<\/li>\n\t\t\t\t\t\t\t\t<li class=\"elementor-icon-list-item elementor-inline-item\">\n\t\t\t\t\t\t\t\t\t\t\t<span class=\"elementor-icon-list-icon\">\n\t\t\t\t\t\t\t<i aria-hidden=\"true\" class=\"icon icon-chevron-right\"><\/i>\t\t\t\t\t\t<\/span>\n\t\t\t\t\t\t\t\t\t\t<span class=\"elementor-icon-list-text\">REEDUCATION LINGUALE ET FONCTIONNELLE<\/span>\n\t\t\t\t\t\t\t\t\t<\/li>\n\t\t\t\t\t\t<\/ul>\n\t\t\t\t\t\t<\/div>\n\t\t\t\t<\/div>\n\t\t\t\t\t<\/div>\n\t\t<\/div>\n\t\t\t\t\t<\/div>\n\t\t<\/section>\n\t\t\t\t<section class=\"elementor-section elementor-top-section elementor-element elementor-element-4fc3d18 elementor-section-boxed elementor-section-height-default elementor-section-height-default\" data-id=\"4fc3d18\" data-element_type=\"section\" data-e-type=\"section\" data-settings=\"{&quot;background_background&quot;:&quot;classic&quot;}\">\n\t\t\t\t\t\t\t<div class=\"elementor-background-overlay\"><\/div>\n\t\t\t\t\t\t\t<div class=\"elementor-container elementor-column-gap-default\">\n\t\t\t\t\t<div class=\"elementor-column elementor-col-100 elementor-top-column elementor-element elementor-element-35c8ceea\" data-id=\"35c8ceea\" data-element_type=\"column\" data-e-type=\"column\">\n\t\t\t<div class=\"elementor-widget-wrap elementor-element-populated\">\n\t\t\t\t\t\t<div class=\"elementor-element elementor-element-ed6e931 elementor-invisible elementor-widget elementor-widget-heading\" data-id=\"ed6e931\" data-element_type=\"widget\" data-e-type=\"widget\" data-settings=\"{&quot;_animation&quot;:&quot;fadeInRight&quot;}\" data-widget_type=\"heading.default\">\n\t\t\t\t<div class=\"elementor-widget-container\">\n\t\t\t\t\t<h1 class=\"elementor-heading-title elementor-size-default\">REEDUCATION LINGUALE ET FONCTIONNELLE<\/h1>\t\t\t\t<\/div>\n\t\t\t\t<\/div>\n\t\t\t\t\t<\/div>\n\t\t<\/div>\n\t\t\t\t\t<\/div>\n\t\t<\/section>\n\t\t\t\t<section class=\"elementor-section elementor-top-section elementor-element elementor-element-59a0743d elementor-section-boxed elementor-section-height-default elementor-section-height-default\" data-id=\"59a0743d\" data-element_type=\"section\" data-e-type=\"section\">\n\t\t\t\t\t\t<div class=\"elementor-container elementor-column-gap-default\">\n\t\t\t\t\t<div class=\"elementor-column elementor-col-100 elementor-top-column elementor-element elementor-element-7e2cd4d6 elementor-invisible\" data-id=\"7e2cd4d6\" data-element_type=\"column\" data-e-type=\"column\" data-settings=\"{&quot;animation&quot;:&quot;fadeInUp&quot;}\">\n\t\t\t<div class=\"elementor-widget-wrap elementor-element-populated\">\n\t\t\t\t\t\t<div class=\"elementor-element elementor-element-1a6c4994 elementor-widget elementor-widget-image\" data-id=\"1a6c4994\" data-element_type=\"widget\" data-e-type=\"widget\" data-widget_type=\"image.default\">\n\t\t\t\t<div class=\"elementor-widget-container\">\n\t\t\t\t\t\t\t\t\t\t\t\t\t\t\t<img fetchpriority=\"high\" decoding=\"async\" width=\"1160\" height=\"560\" src=\"https:\/\/drwajih.com\/wp-content\/uploads\/2024\/10\/Maxillo-faciale-slider-HD-scaled-1-1160x560-1.webp\" class=\"attachment-full size-full wp-image-759\" alt=\"\" srcset=\"https:\/\/drwajih.com\/wp-content\/uploads\/2024\/10\/Maxillo-faciale-slider-HD-scaled-1-1160x560-1.webp 1160w, https:\/\/drwajih.com\/wp-content\/uploads\/2024\/10\/Maxillo-faciale-slider-HD-scaled-1-1160x560-1-300x145.webp 300w, https:\/\/drwajih.com\/wp-content\/uploads\/2024\/10\/Maxillo-faciale-slider-HD-scaled-1-1160x560-1-1024x494.webp 1024w, https:\/\/drwajih.com\/wp-content\/uploads\/2024\/10\/Maxillo-faciale-slider-HD-scaled-1-1160x560-1-768x371.webp 768w\" sizes=\"(max-width: 1160px) 100vw, 1160px\" \/>\t\t\t\t\t\t\t\t\t\t\t\t\t\t\t<\/div>\n\t\t\t\t<\/div>\n\t\t\t\t<div class=\"elementor-element elementor-element-7c91e72c elementor-widget elementor-widget-heading\" data-id=\"7c91e72c\" data-element_type=\"widget\" data-e-type=\"widget\" data-widget_type=\"heading.default\">\n\t\t\t\t<div class=\"elementor-widget-container\">\n\t\t\t\t\t<h3 class=\"elementor-heading-title elementor-size-default\">Aper\u00e7u<\/h3>\t\t\t\t<\/div>\n\t\t\t\t<\/div>\n\t\t\t\t<div class=\"elementor-element elementor-element-183dfb36 elementor-widget__width-initial elementor-widget elementor-widget-text-editor\" data-id=\"183dfb36\" data-element_type=\"widget\" data-e-type=\"widget\" data-widget_type=\"text-editor.default\">\n\t\t\t\t<div class=\"elementor-widget-container\">\n\t\t\t\t\t\t\t\t\t<p>La r\u00e9\u00e9ducation linguale et fonctionnelle est une approche th\u00e9rapeutique qui vise \u00e0 r\u00e9tablir une bonne coordination des fonctions orales, telles que la position de la langue, la d\u00e9glutition, la respiration et la mastication. Souvent n\u00e9glig\u00e9es, ces fonctions jouent un r\u00f4le cl\u00e9 dans la sant\u00e9 bucco-dentaire, le bien-\u00eatre g\u00e9n\u00e9ral et la croissance faciale.<\/p>\n<h3>Qu&#8217;est-ce que la r\u00e9\u00e9ducation linguale et fonctionnelle ?<\/h3>\n<p>La <strong>r\u00e9\u00e9ducation linguale et fonctionnelle<\/strong> consiste \u00e0 r\u00e9apprendre \u00e0 la langue et aux muscles orofaciaux (l\u00e8vres, joues, m\u00e2choire) \u00e0 fonctionner correctement. Cette r\u00e9\u00e9ducation est n\u00e9cessaire lorsque des dysfonctionnements ou de mauvaises habitudes, comme une d\u00e9glutition atypique ou une respiration buccale, entra\u00eenent des probl\u00e8mes de sant\u00e9 dentaire ou g\u00e9n\u00e9rale. Elle est souvent utilis\u00e9e en compl\u00e9ment des traitements orthodontiques ou orthophoniques.<\/p>\n<h3>Les troubles n\u00e9cessitant une r\u00e9\u00e9ducation linguale<\/h3>\n<p>La r\u00e9\u00e9ducation linguale et fonctionnelle est indiqu\u00e9e pour plusieurs types de troubles, notamment :<\/p>\n<ul>\n<li><strong>D\u00e9glutition atypique<\/strong> : Lorsque la langue appuie contre ou entre les dents lors de la d\u00e9glutition, au lieu de rester en contact avec le palais. Ce trouble peut entra\u00eener des malocclusions dentaires.<\/li>\n<li><strong>Respiration buccale<\/strong> : Respirer par la bouche plut\u00f4t que par le nez peut provoquer des d\u00e9s\u00e9quilibres musculaires et affecter la croissance faciale.<\/li>\n<li><strong>Malpositions dentaires<\/strong> : La pression exerc\u00e9e par une mauvaise position de la langue peut d\u00e9placer les dents, compromettant les r\u00e9sultats des traitements orthodontiques.<\/li>\n<li><strong>Troubles de la parole<\/strong> : Une position incorrecte de la langue peut \u00e9galement affecter la prononciation de certains sons.<\/li>\n<li><strong>Troubles du sommeil<\/strong> : Une mauvaise posture de la langue peut contribuer au ronflement ou \u00e0 l\u2019apn\u00e9e du sommeil.<\/li>\n<\/ul>\n<h3>Comment se d\u00e9roule la r\u00e9\u00e9ducation linguale ?<\/h3>\n<p>La r\u00e9\u00e9ducation linguale et fonctionnelle repose sur des exercices sp\u00e9cifiques visant \u00e0 r\u00e9tablir une bonne posture de la langue, \u00e0 corriger la d\u00e9glutition et \u00e0 r\u00e9apprendre les bons r\u00e9flexes musculaires. Voici comment se d\u00e9roule une th\u00e9rapie typique :<\/p>\n<ul>\n<li><strong>\u00c9valuation initiale<\/strong> : Un bilan complet est r\u00e9alis\u00e9 pour identifier les dysfonctionnements (mauvaise position de la langue, respiration buccale, etc.).<\/li>\n<li><strong>Programme d&#8217;exercices personnalis\u00e9<\/strong> : Des exercices cibl\u00e9s sont propos\u00e9s pour r\u00e9\u00e9duquer les muscles oraux. Ces exercices incluent souvent la mobilisation de la langue, la respiration nasale et la mastication.<\/li>\n<li><strong>Suivi et ajustements<\/strong> : Les s\u00e9ances de r\u00e9\u00e9ducation se d\u00e9roulent g\u00e9n\u00e9ralement sur plusieurs mois. Un suivi r\u00e9gulier permet de mesurer les progr\u00e8s et d&#8217;ajuster le programme si n\u00e9cessaire.<\/li>\n<\/ul>\n<h3>Les b\u00e9n\u00e9fices de la r\u00e9\u00e9ducation linguale<\/h3>\n<p>La r\u00e9\u00e9ducation linguale et fonctionnelle apporte des b\u00e9n\u00e9fices \u00e0 court et long terme, non seulement sur la sant\u00e9 bucco-dentaire, mais aussi sur le bien-\u00eatre g\u00e9n\u00e9ral :<\/p>\n<ul>\n<li><strong>Am\u00e9lioration de la posture linguale<\/strong> : Une langue bien positionn\u00e9e permet de stabiliser l\u2019alignement dentaire et de pr\u00e9venir les r\u00e9cidives apr\u00e8s un traitement orthodontique.<\/li>\n<li><strong>Respiration am\u00e9lior\u00e9e<\/strong> : En r\u00e9tablissant une respiration nasale, la r\u00e9\u00e9ducation aide \u00e0 pr\u00e9venir les troubles respiratoires et am\u00e9liore la qualit\u00e9 du sommeil.<\/li>\n<li><strong>R\u00e9duction des troubles de la d\u00e9glutition et de la phonation<\/strong> : Les exercices fonctionnels permettent de retrouver une bonne coordination des mouvements de la langue lors de la d\u00e9glutition et de la parole.<\/li>\n<li><strong>Stabilisation des r\u00e9sultats orthodontiques<\/strong> : En renfor\u00e7ant les muscles oraux, la r\u00e9\u00e9ducation aide \u00e0 maintenir l\u2019alignement des dents obtenu gr\u00e2ce aux appareils orthodontiques.<\/li>\n<li><strong>Am\u00e9lioration de la posture g\u00e9n\u00e9rale<\/strong> : Les muscles orofaciaux jouent un r\u00f4le dans la posture g\u00e9n\u00e9rale et la r\u00e9\u00e9ducation linguale peut aider \u00e0 r\u00e9tablir un \u00e9quilibre global.<\/li>\n<\/ul>\n<h3>Pour qui est destin\u00e9e la r\u00e9\u00e9ducation linguale ?<\/h3>\n<p>La r\u00e9\u00e9ducation linguale et fonctionnelle s&#8217;adresse \u00e0 toutes les tranches d&#8217;\u00e2ge, des enfants aux adultes. Elle est particuli\u00e8rement recommand\u00e9e dans les cas suivants :<\/p>\n<ul>\n<li><strong>Enfants<\/strong> : Pour corriger des habitudes orales nuisibles (succion du pouce, respiration buccale) qui peuvent affecter la croissance dentaire et faciale.<\/li>\n<li><strong>Adultes<\/strong> : Pour am\u00e9liorer les r\u00e9sultats apr\u00e8s un traitement orthodontique ou pour corriger des troubles li\u00e9s \u00e0 la d\u00e9glutition ou \u00e0 la respiration.<\/li>\n<li><strong>Apn\u00e9e du sommeil<\/strong> : Les personnes souffrant de ronflements ou d\u2019apn\u00e9e peuvent b\u00e9n\u00e9ficier de la r\u00e9\u00e9ducation linguale pour mieux g\u00e9rer leur respiration.<\/li>\n<\/ul>\t\t\t\t\t\t\t\t<\/div>\n\t\t\t\t<\/div>\n\t\t\t\t\t<\/div>\n\t\t<\/div>\n\t\t\t\t\t<\/div>\n\t\t<\/section>\n\t\t<div class=\"elementor-element elementor-element-c7f8df2 e-flex e-con-boxed e-con e-parent\" data-id=\"c7f8df2\" data-element_type=\"container\" data-e-type=\"container\">\n\t\t\t\t\t<div class=\"e-con-inner\">\n\t\t\t\t<div class=\"elementor-element elementor-element-10f1430 elementor-widget elementor-widget-video\" data-id=\"10f1430\" data-element_type=\"widget\" data-e-type=\"widget\" data-settings=\"{&quot;youtube_url&quot;:&quot;https:\\\/\\\/www.youtube.com\\\/watch?v=Ia-_Lhs7Mn0&amp;pp=ygUgcmVlZHVjYXRpb24gbGluZ3VhbGUgb3J0aG9kb250aWU%3D\\t\\t\\t\\t&quot;,&quot;video_type&quot;:&quot;youtube&quot;,&quot;controls&quot;:&quot;yes&quot;}\" data-widget_type=\"video.default\">\n\t\t\t\t<div class=\"elementor-widget-container\">\n\t\t\t\t\t\t\t<div class=\"elementor-wrapper elementor-open-inline\">\n\t\t\t<div class=\"elementor-video\"><\/div>\t\t<\/div>\n\t\t\t\t\t\t<\/div>\n\t\t\t\t<\/div>\n\t\t\t\t\t<\/div>\n\t\t\t\t<\/div>\n\t\t<div class=\"elementor-element elementor-element-e086e20 e-flex e-con-boxed e-con e-parent\" data-id=\"e086e20\" data-element_type=\"container\" data-e-type=\"container\">\n\t\t\t\t\t<div class=\"e-con-inner\">\n\t\t\t\t<div class=\"elementor-element elementor-element-7349693 elementor-widget elementor-widget-video\" data-id=\"7349693\" data-element_type=\"widget\" data-e-type=\"widget\" data-settings=\"{&quot;youtube_url&quot;:&quot;https:\\\/\\\/youtu.be\\\/2a_kkdxDTtk?si=euprcvW5l64AYEcD\\t\\t\\t\\t&quot;,&quot;video_type&quot;:&quot;youtube&quot;,&quot;controls&quot;:&quot;yes&quot;}\" data-widget_type=\"video.default\">\n\t\t\t\t<div class=\"elementor-widget-container\">\n\t\t\t\t\t\t\t<div class=\"elementor-wrapper elementor-open-inline\">\n\t\t\t<div class=\"elementor-video\"><\/div>\t\t<\/div>\n\t\t\t\t\t\t<\/div>\n\t\t\t\t<\/div>\n\t\t\t\t\t<\/div>\n\t\t\t\t<\/div>\n\t\t<div class=\"elementor-element elementor-element-ec094da e-flex e-con-boxed e-con e-parent\" data-id=\"ec094da\" data-element_type=\"container\" data-e-type=\"container\">\n\t\t\t\t\t<div class=\"e-con-inner\">\n\t\t\t\t<div class=\"elementor-element elementor-element-35d8c80 elementor-widget elementor-widget-video\" data-id=\"35d8c80\" data-element_type=\"widget\" data-e-type=\"widget\" data-settings=\"{&quot;youtube_url&quot;:&quot;https:\\\/\\\/www.youtube.com\\\/watch?v=U6yZgefYgC4&amp;pp=ygUgcmVlZHVjYXRpb24gbGluZ3VhbGUgb3J0aG9kb250aWU%3D\\t\\t\\t\\t&quot;,&quot;video_type&quot;:&quot;youtube&quot;,&quot;controls&quot;:&quot;yes&quot;}\" data-widget_type=\"video.default\">\n\t\t\t\t<div class=\"elementor-widget-container\">\n\t\t\t\t\t\t\t<div class=\"elementor-wrapper elementor-open-inline\">\n\t\t\t<div class=\"elementor-video\"><\/div>\t\t<\/div>\n\t\t\t\t\t\t<\/div>\n\t\t\t\t<\/div>\n\t\t\t\t\t<\/div>\n\t\t\t\t<\/div>\n\t\t<div class=\"elementor-element elementor-element-b302125 e-flex e-con-boxed e-con e-parent\" data-id=\"b302125\" data-element_type=\"container\" data-e-type=\"container\">\n\t\t\t\t\t<div class=\"e-con-inner\">\n\t\t\t\t<div class=\"elementor-element elementor-element-75d091c elementor-widget elementor-widget-video\" data-id=\"75d091c\" data-element_type=\"widget\" data-e-type=\"widget\" data-settings=\"{&quot;youtube_url&quot;:&quot;https:\\\/\\\/www.youtube.com\\\/watch?v=Xn-THjz-Diw&amp;pp=ygUgcmVlZHVjYXRpb24gbGluZ3VhbGUgb3J0aG9kb250aWU%3D\\t\\t\\t\\t&quot;,&quot;video_type&quot;:&quot;youtube&quot;,&quot;controls&quot;:&quot;yes&quot;}\" data-widget_type=\"video.default\">\n\t\t\t\t<div class=\"elementor-widget-container\">\n\t\t\t\t\t\t\t<div class=\"elementor-wrapper elementor-open-inline\">\n\t\t\t<div class=\"elementor-video\"><\/div>\t\t<\/div>\n\t\t\t\t\t\t<\/div>\n\t\t\t\t<\/div>\n\t\t\t\t\t<\/div>\n\t\t\t\t<\/div>\n\t\t\t\t<\/div>\n\t\t","protected":false},"excerpt":{"rendered":"<p>Home REEDUCATION LINGUALE ET FONCTIONNELLE Aper\u00e7u La r\u00e9\u00e9ducation linguale et fonctionnelle est une approche th\u00e9rapeutique qui vise \u00e0 r\u00e9tablir une bonne coordination des fonctions orales, telles que la position de la langue, la d\u00e9glutition, la respiration et la mastication. Souvent n\u00e9glig\u00e9es, ces fonctions jouent un r\u00f4le cl\u00e9 dans la sant\u00e9 bucco-dentaire, le bien-\u00eatre g\u00e9n\u00e9ral et [&hellip;]<\/p>\n","protected":false},"author":1,"featured_media":0,"parent":0,"menu_order":0,"comment_status":"closed","ping_status":"closed","template":"elementor_header_footer","meta":{"footnotes":""},"class_list":["post-524","page","type-page","status-publish","hentry"],"_links":{"self":[{"href":"https:\/\/drwajih.com\/index.php\/wp-json\/wp\/v2\/pages\/524","targetHints":{"allow":["GET"]}}],"collection":[{"href":"https:\/\/drwajih.com\/index.php\/wp-json\/wp\/v2\/pages"}],"about":[{"href":"https:\/\/drwajih.com\/index.php\/wp-json\/wp\/v2\/types\/page"}],"author":[{"embeddable":true,"href":"https:\/\/drwajih.com\/index.php\/wp-json\/wp\/v2\/users\/1"}],"replies":[{"embeddable":true,"href":"https:\/\/drwajih.com\/index.php\/wp-json\/wp\/v2\/comments?post=524"}],"version-history":[{"count":18,"href":"https:\/\/drwajih.com\/index.php\/wp-json\/wp\/v2\/pages\/524\/revisions"}],"predecessor-version":[{"id":855,"href":"https:\/\/drwajih.com\/index.php\/wp-json\/wp\/v2\/pages\/524\/revisions\/855"}],"wp:attachment":[{"href":"https:\/\/drwajih.com\/index.php\/wp-json\/wp\/v2\/media?parent=524"}],"curies":[{"name":"wp","href":"https:\/\/api.w.org\/{rel}","templated":true}]}}