{"id":465,"date":"2023-10-24T16:35:14","date_gmt":"2023-10-24T15:35:14","guid":{"rendered":"https:\/\/drwajih.com\/?page_id=465"},"modified":"2024-10-17T01:55:31","modified_gmt":"2024-10-17T00:55:31","slug":"couronnes-dentaires","status":"publish","type":"page","link":"https:\/\/drwajih.com\/index.php\/couronnes-dentaires\/","title":{"rendered":"Couronnes dentaires"},"content":{"rendered":"\t\t<div data-elementor-type=\"wp-page\" data-elementor-id=\"465\" class=\"elementor elementor-465\" data-elementor-post-type=\"page\">\n\t\t\t\t\t\t<section class=\"elementor-section elementor-top-section elementor-element elementor-element-5763f629 elementor-section-boxed elementor-section-height-default elementor-section-height-default\" data-id=\"5763f629\" data-element_type=\"section\" data-e-type=\"section\">\n\t\t\t\t\t\t<div class=\"elementor-container elementor-column-gap-default\">\n\t\t\t\t\t<div class=\"elementor-column elementor-col-100 elementor-top-column elementor-element elementor-element-480a31c\" data-id=\"480a31c\" data-element_type=\"column\" data-e-type=\"column\">\n\t\t\t<div class=\"elementor-widget-wrap elementor-element-populated\">\n\t\t\t\t\t\t<div class=\"elementor-element elementor-element-2ad6998a elementor-icon-list--layout-inline elementor-list-item-link-full_width elementor-widget elementor-widget-icon-list\" data-id=\"2ad6998a\" data-element_type=\"widget\" data-e-type=\"widget\" data-widget_type=\"icon-list.default\">\n\t\t\t\t<div class=\"elementor-widget-container\">\n\t\t\t\t\t\t\t<ul class=\"elementor-icon-list-items elementor-inline-items\">\n\t\t\t\t\t\t\t<li class=\"elementor-icon-list-item elementor-inline-item\">\n\t\t\t\t\t\t\t\t\t\t<span class=\"elementor-icon-list-text\">Home<\/span>\n\t\t\t\t\t\t\t\t\t<\/li>\n\t\t\t\t\t\t\t\t<li class=\"elementor-icon-list-item elementor-inline-item\">\n\t\t\t\t\t\t\t\t\t\t\t<span class=\"elementor-icon-list-icon\">\n\t\t\t\t\t\t\t<i aria-hidden=\"true\" class=\"icon icon-chevron-right\"><\/i>\t\t\t\t\t\t<\/span>\n\t\t\t\t\t\t\t\t\t\t<span class=\"elementor-icon-list-text\">Couronnes dentaires<\/span>\n\t\t\t\t\t\t\t\t\t<\/li>\n\t\t\t\t\t\t<\/ul>\n\t\t\t\t\t\t<\/div>\n\t\t\t\t<\/div>\n\t\t\t\t\t<\/div>\n\t\t<\/div>\n\t\t\t\t\t<\/div>\n\t\t<\/section>\n\t\t\t\t<section class=\"elementor-section elementor-top-section elementor-element elementor-element-4fc3d18 elementor-section-boxed elementor-section-height-default elementor-section-height-default\" data-id=\"4fc3d18\" data-element_type=\"section\" data-e-type=\"section\" data-settings=\"{&quot;background_background&quot;:&quot;classic&quot;}\">\n\t\t\t\t\t\t\t<div class=\"elementor-background-overlay\"><\/div>\n\t\t\t\t\t\t\t<div class=\"elementor-container elementor-column-gap-default\">\n\t\t\t\t\t<div class=\"elementor-column elementor-col-100 elementor-top-column elementor-element elementor-element-35c8ceea\" data-id=\"35c8ceea\" data-element_type=\"column\" data-e-type=\"column\">\n\t\t\t<div class=\"elementor-widget-wrap elementor-element-populated\">\n\t\t\t\t\t\t<div class=\"elementor-element elementor-element-ed6e931 elementor-invisible elementor-widget elementor-widget-heading\" data-id=\"ed6e931\" data-element_type=\"widget\" data-e-type=\"widget\" data-settings=\"{&quot;_animation&quot;:&quot;fadeInRight&quot;}\" data-widget_type=\"heading.default\">\n\t\t\t\t<div class=\"elementor-widget-container\">\n\t\t\t\t\t<h1 class=\"elementor-heading-title elementor-size-default\">COURONNE DENTAIRE<\/h1>\t\t\t\t<\/div>\n\t\t\t\t<\/div>\n\t\t\t\t\t<\/div>\n\t\t<\/div>\n\t\t\t\t\t<\/div>\n\t\t<\/section>\n\t\t\t\t<section class=\"elementor-section elementor-top-section elementor-element elementor-element-59a0743d elementor-section-boxed elementor-section-height-default elementor-section-height-default\" data-id=\"59a0743d\" data-element_type=\"section\" data-e-type=\"section\">\n\t\t\t\t\t\t<div class=\"elementor-container elementor-column-gap-default\">\n\t\t\t\t\t<div class=\"elementor-column elementor-col-100 elementor-top-column elementor-element elementor-element-7e2cd4d6 elementor-invisible\" data-id=\"7e2cd4d6\" data-element_type=\"column\" data-e-type=\"column\" data-settings=\"{&quot;animation&quot;:&quot;fadeInUp&quot;}\">\n\t\t\t<div class=\"elementor-widget-wrap elementor-element-populated\">\n\t\t\t\t\t\t<div class=\"elementor-element elementor-element-1a6c4994 elementor-widget elementor-widget-image\" data-id=\"1a6c4994\" data-element_type=\"widget\" data-e-type=\"widget\" data-widget_type=\"image.default\">\n\t\t\t\t<div class=\"elementor-widget-container\">\n\t\t\t\t\t\t\t\t\t\t\t\t\t\t\t<img fetchpriority=\"high\" decoding=\"async\" width=\"2560\" height=\"1707\" src=\"https:\/\/drwajih.com\/wp-content\/uploads\/2023\/10\/infirmiere-exercant-disposition-machoire-dents-scaled.jpg\" class=\"attachment-full size-full wp-image-600\" alt=\"\" srcset=\"https:\/\/drwajih.com\/wp-content\/uploads\/2023\/10\/infirmiere-exercant-disposition-machoire-dents-scaled.jpg 2560w, https:\/\/drwajih.com\/wp-content\/uploads\/2023\/10\/infirmiere-exercant-disposition-machoire-dents-300x200.jpg 300w, https:\/\/drwajih.com\/wp-content\/uploads\/2023\/10\/infirmiere-exercant-disposition-machoire-dents-1024x683.jpg 1024w, https:\/\/drwajih.com\/wp-content\/uploads\/2023\/10\/infirmiere-exercant-disposition-machoire-dents-768x512.jpg 768w, https:\/\/drwajih.com\/wp-content\/uploads\/2023\/10\/infirmiere-exercant-disposition-machoire-dents-1536x1024.jpg 1536w, https:\/\/drwajih.com\/wp-content\/uploads\/2023\/10\/infirmiere-exercant-disposition-machoire-dents-2048x1365.jpg 2048w\" sizes=\"(max-width: 2560px) 100vw, 2560px\" \/>\t\t\t\t\t\t\t\t\t\t\t\t\t\t\t<\/div>\n\t\t\t\t<\/div>\n\t\t\t\t<div class=\"elementor-element elementor-element-7c91e72c elementor-widget elementor-widget-heading\" data-id=\"7c91e72c\" data-element_type=\"widget\" data-e-type=\"widget\" data-widget_type=\"heading.default\">\n\t\t\t\t<div class=\"elementor-widget-container\">\n\t\t\t\t\t<h3 class=\"elementor-heading-title elementor-size-default\">Aper\u00e7u<\/h3>\t\t\t\t<\/div>\n\t\t\t\t<\/div>\n\t\t\t\t<div class=\"elementor-element elementor-element-183dfb36 elementor-widget__width-initial elementor-widget elementor-widget-text-editor\" data-id=\"183dfb36\" data-element_type=\"widget\" data-e-type=\"widget\" data-widget_type=\"text-editor.default\">\n\t\t\t\t<div class=\"elementor-widget-container\">\n\t\t\t\t\t\t\t\t\t<p>Une COURONNE DENTAIRE, \u00e9galement appel\u00e9e capuchon dentaire, est une proth\u00e8se dentaire qui recouvre enti\u00e8rement ou partiellement une dent endommag\u00e9e ou d\u00e9labr\u00e9e. Les couronnes dentaires sont utilis\u00e9es pour restaurer la forme, la taille, la force et l&#8217;apparence d&#8217;une dent, tout en am\u00e9liorant sa fonction. Elles peuvent \u00eatre fabriqu\u00e9es \u00e0 partir de diff\u00e9rents mat\u00e9riaux, notamment la c\u00e9ramique, la porcelaine, le m\u00e9tal (comme le m\u00e9tal pr\u00e9cieux, le m\u00e9tal non pr\u00e9cieux ou une combinaison de ces mat\u00e9riaux), ou m\u00eame la r\u00e9sine.<\/p><p>Les couronnes dentaires sont g\u00e9n\u00e9ralement recommand\u00e9es dans les situations suivantes :<\/p><p>\u00a0<\/p><ol><li>Restauration d&#8217;une dent cari\u00e9e : Lorsqu&#8217;une dent a une carie importante qui ne peut pas \u00eatre r\u00e9par\u00e9e avec une obturation dentaire (plombage), une couronne dentaire peut \u00eatre n\u00e9cessaire pour restaurer la dent et la prot\u00e9ger contre d&#8217;autres dommages.<\/li><\/ol><p>\u00a0<\/p><ol start=\"2\"><li>Renforcement d&#8217;une dent fragilis\u00e9e : Une dent qui est affaiblie en raison d&#8217;une fracture, d&#8217;une fissure ou d&#8217;une usure importante peut \u00eatre renforc\u00e9e avec une couronne pour \u00e9viter qu&#8217;elle ne se casse davantage.<\/li><\/ol><p>\u00a0<\/p><ol start=\"3\"><li>Protection d&#8217;une dent apr\u00e8s un traitement de canal : Apr\u00e8s un traitement de canal, la dent peut devenir fragile et plus sujette \u00e0 la fracture. Une couronne est souvent plac\u00e9e pour prot\u00e9ger la dent trait\u00e9e.<\/li><\/ol><p>\u00a0<\/p><ol start=\"4\"><li>Am\u00e9lioration de l&#8217;apparence : Les couronnes dentaires en c\u00e9ramique ou en porcelaine sont fr\u00e9quemment utilis\u00e9es pour am\u00e9liorer l&#8217;apparence des dents en cas de d\u00e9coloration, de d\u00e9formation ou de malformation.<\/li><\/ol><p>\u00a0<\/p><ol start=\"5\"><li>Support pour un pont dentaire : Une couronne peut servir de support \u00e0 un pont dentaire, qui remplace une ou plusieurs dents manquantes en utilisant les dents adjacentes comme piliers.<\/li><\/ol><p>\u00a0<\/p><ol start=\"6\"><li>Restauration d&#8217;implants dentaires : Lorsqu&#8217;une dent est manquante et qu&#8217;elle est remplac\u00e9e par un implant dentaire, une couronne dentaire est plac\u00e9e sur l&#8217;implant pour remplacer la dent manquante.<\/li><\/ol><p>\u00a0<\/p><ol start=\"7\"><li>La pose d&#8217;une couronne dentaire n\u00e9cessite g\u00e9n\u00e9ralement deux rendez-vous chez le dentiste. Lors du premier rendez-vous, le dentiste pr\u00e9pare la dent en enlevant une partie de sa structure, prend des empreintes pour fabriquer la couronne sur mesure, et place une couronne temporaire. Lors du deuxi\u00e8me rendez-vous, la couronne permanente est fix\u00e9e sur la dent pr\u00e9par\u00e9e \u00e0 l&#8217;aide de ciments dentaires sp\u00e9ciaux.<\/li><\/ol><p>\u00a0<\/p><ol start=\"8\"><li>Les couronnes dentaires sont con\u00e7ues pour durer de nombreuses ann\u00e9es, mais elles peuvent n\u00e9cessiter un remplacement p\u00e9riodique en raison de l&#8217;usure normale ou de tout dommage \u00e9ventuel. Votre dentiste peut vous conseiller sur le type de couronne le mieux adapt\u00e9 \u00e0 vos besoins sp\u00e9cifiques.<\/li><\/ol>\t\t\t\t\t\t\t\t<\/div>\n\t\t\t\t<\/div>\n\t\t\t\t\t<\/div>\n\t\t<\/div>\n\t\t\t\t\t<\/div>\n\t\t<\/section>\n\t\t<div class=\"elementor-element elementor-element-d728150 e-flex e-con-boxed e-con e-parent\" data-id=\"d728150\" data-element_type=\"container\" data-e-type=\"container\">\n\t\t\t\t\t<div class=\"e-con-inner\">\n\t\t\t\t<div class=\"elementor-element elementor-element-bbcdbab elementor-widget elementor-widget-video\" data-id=\"bbcdbab\" data-element_type=\"widget\" data-e-type=\"widget\" data-settings=\"{&quot;youtube_url&quot;:&quot;https:\\\/\\\/www.youtube.com\\\/watch?v=5Won6BKI6SQ&amp;pp=ygUQQ09VUk9ORSBERU5UQUlSRQ%3D%3D\\t\\t\\t\\t&quot;,&quot;video_type&quot;:&quot;youtube&quot;,&quot;controls&quot;:&quot;yes&quot;}\" data-widget_type=\"video.default\">\n\t\t\t\t<div class=\"elementor-widget-container\">\n\t\t\t\t\t\t\t<div class=\"elementor-wrapper elementor-open-inline\">\n\t\t\t<div class=\"elementor-video\"><\/div>\t\t<\/div>\n\t\t\t\t\t\t<\/div>\n\t\t\t\t<\/div>\n\t\t\t\t\t<\/div>\n\t\t\t\t<\/div>\n\t\t<div class=\"elementor-element elementor-element-d9f43a9 e-flex e-con-boxed e-con e-parent\" data-id=\"d9f43a9\" data-element_type=\"container\" data-e-type=\"container\">\n\t\t\t\t\t<div class=\"e-con-inner\">\n\t\t\t\t<div class=\"elementor-element elementor-element-25215c6 elementor-widget elementor-widget-video\" data-id=\"25215c6\" data-element_type=\"widget\" data-e-type=\"widget\" data-settings=\"{&quot;youtube_url&quot;:&quot;https:\\\/\\\/www.youtube.com\\\/watch?v=L06sIyex3_g&amp;pp=ygUTZW5kb2RvbnRpZSBkZW50YWlyZQ%3D%3D\\t\\t\\t\\t&quot;,&quot;video_type&quot;:&quot;youtube&quot;,&quot;controls&quot;:&quot;yes&quot;}\" data-widget_type=\"video.default\">\n\t\t\t\t<div class=\"elementor-widget-container\">\n\t\t\t\t\t\t\t<div class=\"elementor-wrapper elementor-open-inline\">\n\t\t\t<div class=\"elementor-video\"><\/div>\t\t<\/div>\n\t\t\t\t\t\t<\/div>\n\t\t\t\t<\/div>\n\t\t\t\t\t<\/div>\n\t\t\t\t<\/div>\n\t\t<div class=\"elementor-element elementor-element-b156721 e-flex e-con-boxed e-con e-parent\" data-id=\"b156721\" data-element_type=\"container\" data-e-type=\"container\">\n\t\t\t\t\t<div class=\"e-con-inner\">\n\t\t\t\t<div class=\"elementor-element elementor-element-5540e7c elementor-widget elementor-widget-video\" data-id=\"5540e7c\" data-element_type=\"widget\" data-e-type=\"widget\" data-settings=\"{&quot;youtube_url&quot;:&quot;https:\\\/\\\/www.youtube.com\\\/watch?v=bSmpAQ0eFro&amp;pp=ygUQQ09VUk9ORSBERU5UQUlSRQ%3D%3D\\t\\t\\t\\t&quot;,&quot;video_type&quot;:&quot;youtube&quot;,&quot;controls&quot;:&quot;yes&quot;}\" data-widget_type=\"video.default\">\n\t\t\t\t<div class=\"elementor-widget-container\">\n\t\t\t\t\t\t\t<div class=\"elementor-wrapper elementor-open-inline\">\n\t\t\t<div class=\"elementor-video\"><\/div>\t\t<\/div>\n\t\t\t\t\t\t<\/div>\n\t\t\t\t<\/div>\n\t\t\t\t\t<\/div>\n\t\t\t\t<\/div>\n\t\t<div class=\"elementor-element elementor-element-9140544 e-flex e-con-boxed e-con e-parent\" data-id=\"9140544\" data-element_type=\"container\" data-e-type=\"container\">\n\t\t\t\t\t<div class=\"e-con-inner\">\n\t\t\t\t<div class=\"elementor-element elementor-element-3056714 elementor-widget elementor-widget-video\" data-id=\"3056714\" data-element_type=\"widget\" data-e-type=\"widget\" data-settings=\"{&quot;youtube_url&quot;:&quot;https:\\\/\\\/www.youtube.com\\\/watch?v=XMiD_yHlDgA&amp;pp=ygUTaW5sYXkgY29yZSBkZW50YWlyZQ%3D%3D\\t\\t\\t\\t&quot;,&quot;video_type&quot;:&quot;youtube&quot;,&quot;controls&quot;:&quot;yes&quot;}\" data-widget_type=\"video.default\">\n\t\t\t\t<div class=\"elementor-widget-container\">\n\t\t\t\t\t\t\t<div class=\"elementor-wrapper elementor-open-inline\">\n\t\t\t<div class=\"elementor-video\"><\/div>\t\t<\/div>\n\t\t\t\t\t\t<\/div>\n\t\t\t\t<\/div>\n\t\t\t\t\t<\/div>\n\t\t\t\t<\/div>\n\t\t<div class=\"elementor-element elementor-element-7b44074 e-flex e-con-boxed e-con e-parent\" data-id=\"7b44074\" data-element_type=\"container\" data-e-type=\"container\">\n\t\t\t\t\t<div class=\"e-con-inner\">\n\t\t\t\t<div class=\"elementor-element elementor-element-69dfeba elementor-widget elementor-widget-video\" data-id=\"69dfeba\" data-element_type=\"widget\" data-e-type=\"widget\" data-settings=\"{&quot;youtube_url&quot;:&quot;https:\\\/\\\/www.youtube.com\\\/watch?v=Tr6SkZlEeS0&amp;pp=ygUTaW5sYXkgY29yZSBkZW50YWlyZQ%3D%3D\\t\\t\\t\\t&quot;,&quot;video_type&quot;:&quot;youtube&quot;,&quot;controls&quot;:&quot;yes&quot;}\" data-widget_type=\"video.default\">\n\t\t\t\t<div class=\"elementor-widget-container\">\n\t\t\t\t\t\t\t<div class=\"elementor-wrapper elementor-open-inline\">\n\t\t\t<div class=\"elementor-video\"><\/div>\t\t<\/div>\n\t\t\t\t\t\t<\/div>\n\t\t\t\t<\/div>\n\t\t\t\t\t<\/div>\n\t\t\t\t<\/div>\n\t\t\t\t<\/div>\n\t\t","protected":false},"excerpt":{"rendered":"<p>Home COURONNE DENTAIRE Aper\u00e7u Une COURONNE DENTAIRE, \u00e9galement appel\u00e9e capuchon dentaire, est une proth\u00e8se dentaire qui recouvre enti\u00e8rement ou partiellement une dent endommag\u00e9e ou d\u00e9labr\u00e9e. Les couronnes dentaires sont utilis\u00e9es pour restaurer la forme, la taille, la force et l&#8217;apparence d&#8217;une dent, tout en am\u00e9liorant sa fonction. Elles peuvent \u00eatre fabriqu\u00e9es \u00e0 partir de diff\u00e9rents [&hellip;]<\/p>\n","protected":false},"author":1,"featured_media":0,"parent":0,"menu_order":0,"comment_status":"closed","ping_status":"closed","template":"elementor_header_footer","meta":{"footnotes":""},"class_list":["post-465","page","type-page","status-publish","hentry"],"_links":{"self":[{"href":"https:\/\/drwajih.com\/index.php\/wp-json\/wp\/v2\/pages\/465","targetHints":{"allow":["GET"]}}],"collection":[{"href":"https:\/\/drwajih.com\/index.php\/wp-json\/wp\/v2\/pages"}],"about":[{"href":"https:\/\/drwajih.com\/index.php\/wp-json\/wp\/v2\/types\/page"}],"author":[{"embeddable":true,"href":"https:\/\/drwajih.com\/index.php\/wp-json\/wp\/v2\/users\/1"}],"replies":[{"embeddable":true,"href":"https:\/\/drwajih.com\/index.php\/wp-json\/wp\/v2\/comments?post=465"}],"version-history":[{"count":13,"href":"https:\/\/drwajih.com\/index.php\/wp-json\/wp\/v2\/pages\/465\/revisions"}],"predecessor-version":[{"id":642,"href":"https:\/\/drwajih.com\/index.php\/wp-json\/wp\/v2\/pages\/465\/revisions\/642"}],"wp:attachment":[{"href":"https:\/\/drwajih.com\/index.php\/wp-json\/wp\/v2\/media?parent=465"}],"curies":[{"name":"wp","href":"https:\/\/api.w.org\/{rel}","templated":true}]}}